{"id":18,"date":"2014-02-23T16:44:15","date_gmt":"2014-02-23T14:44:15","guid":{"rendered":"http:\/\/www.konverjans.com\/test\/bilisimcimartilar\/?page_id=18"},"modified":"2015-10-29T17:46:34","modified_gmt":"2015-10-29T17:46:34","slug":"gallery","status":"publish","type":"page","link":"https:\/\/bilisimcimartilar.com\/english\/gallery\/","title":{"rendered":"Gallery"},"content":{"rendered":"<p><img loading=\"lazy\" decoding=\"async\" class=\"alignleft size-medium wp-image-415\" src=\"http:\/\/bilisimcimartilar.com\/english\/wp-content\/uploads\/64808_448988759804_7199030_n1-300x225-300x225.jpg\" alt=\"64808_448988759804_7199030_n1-300x225\" width=\"300\" height=\"225\" srcset=\"https:\/\/bilisimcimartilar.com\/english\/wp-content\/uploads\/64808_448988759804_7199030_n1-300x225.jpg 300w, https:\/\/bilisimcimartilar.com\/english\/wp-content\/uploads\/64808_448988759804_7199030_n1-300x225-195x146.jpg 195w\" sizes=\"auto, (max-width: 300px) 100vw, 300px\" \/><img loading=\"lazy\" decoding=\"async\" class=\"alignleft size-medium wp-image-461\" src=\"http:\/\/bilisimcimartilar.com\/english\/wp-content\/uploads\/Bo\u011fazi\u00e7i-\u00dcn-Mart\u0131lar\u0131-300x169.jpg\" alt=\"Bo\u011fazi\u00e7i \u00dcn Mart\u0131lar\u0131\" width=\"300\" height=\"169\" srcset=\"https:\/\/bilisimcimartilar.com\/english\/wp-content\/uploads\/Bo\u011fazi\u00e7i-\u00dcn-Mart\u0131lar\u0131-300x169.jpg 300w, https:\/\/bilisimcimartilar.com\/english\/wp-content\/uploads\/Bo\u011fazi\u00e7i-\u00dcn-Mart\u0131lar\u0131-940x529.jpg 940w, https:\/\/bilisimcimartilar.com\/english\/wp-content\/uploads\/Bo\u011fazi\u00e7i-\u00dcn-Mart\u0131lar\u0131-620x349.jpg 620w, https:\/\/bilisimcimartilar.com\/english\/wp-content\/uploads\/Bo\u011fazi\u00e7i-\u00dcn-Mart\u0131lar\u0131-195x110.jpg 195w, https:\/\/bilisimcimartilar.com\/english\/wp-content\/uploads\/Bo\u011fazi\u00e7i-\u00dcn-Mart\u0131lar\u0131.jpg 960w\" sizes=\"auto, (max-width: 300px) 100vw, 300px\" \/>\u00a0<img loading=\"lazy\" decoding=\"async\" class=\"alignleft size-medium wp-image-351\" src=\"http:\/\/bilisimcimartilar.com\/english\/wp-content\/uploads\/20141017_153817-300x168.jpg\" alt=\"20141017_153817\" width=\"300\" height=\"168\" srcset=\"https:\/\/bilisimcimartilar.com\/english\/wp-content\/uploads\/20141017_153817-300x168.jpg 300w, https:\/\/bilisimcimartilar.com\/english\/wp-content\/uploads\/20141017_153817-1024x576.jpg 1024w, https:\/\/bilisimcimartilar.com\/english\/wp-content\/uploads\/20141017_153817-940x528.jpg 940w, https:\/\/bilisimcimartilar.com\/english\/wp-content\/uploads\/20141017_153817-620x348.jpg 620w, https:\/\/bilisimcimartilar.com\/english\/wp-content\/uploads\/20141017_153817-195x109.jpg 195w\" sizes=\"auto, (max-width: 300px) 100vw, 300px\" \/><img loading=\"lazy\" decoding=\"async\" class=\" size-medium wp-image-352 alignright\" src=\"http:\/\/bilisimcimartilar.com\/english\/wp-content\/uploads\/20141017_163253-300x168.jpg\" alt=\"20141017_163253\" width=\"300\" height=\"168\" srcset=\"https:\/\/bilisimcimartilar.com\/english\/wp-content\/uploads\/20141017_163253-300x168.jpg 300w, https:\/\/bilisimcimartilar.com\/english\/wp-content\/uploads\/20141017_163253-1024x576.jpg 1024w, https:\/\/bilisimcimartilar.com\/english\/wp-content\/uploads\/20141017_163253-940x528.jpg 940w, https:\/\/bilisimcimartilar.com\/english\/wp-content\/uploads\/20141017_163253-620x348.jpg 620w, https:\/\/bilisimcimartilar.com\/english\/wp-content\/uploads\/20141017_163253-195x109.jpg 195w\" sizes=\"auto, (max-width: 300px) 100vw, 300px\" \/><\/p>\n<p>&nbsp;<\/p>\n<p>&nbsp;<\/p>\n<p>&nbsp;<\/p>\n<p>&nbsp;<\/p>\n<p>&nbsp;<\/p>\n<div id=\"attachment_343\" style=\"width: 310px\" class=\"wp-caption alignleft\"><img loading=\"lazy\" decoding=\"async\" aria-describedby=\"caption-attachment-343\" class=\"size-medium wp-image-343\" src=\"http:\/\/bilisimcimartilar.com\/english\/wp-content\/uploads\/IMG_1114-3-300x154.jpg\" alt=\"The Leaders of the Project got their awards \" width=\"300\" height=\"154\" srcset=\"https:\/\/bilisimcimartilar.com\/english\/wp-content\/uploads\/IMG_1114-3-300x154.jpg 300w, https:\/\/bilisimcimartilar.com\/english\/wp-content\/uploads\/IMG_1114-3-1024x527.jpg 1024w, https:\/\/bilisimcimartilar.com\/english\/wp-content\/uploads\/IMG_1114-3-940x484.jpg 940w, https:\/\/bilisimcimartilar.com\/english\/wp-content\/uploads\/IMG_1114-3-620x319.jpg 620w, https:\/\/bilisimcimartilar.com\/english\/wp-content\/uploads\/IMG_1114-3-195x100.jpg 195w\" sizes=\"auto, (max-width: 300px) 100vw, 300px\" \/><p id=\"caption-attachment-343\" class=\"wp-caption-text\">The Leaders of the Project got their awards<\/p><\/div>\n<div id=\"attachment_302\" style=\"width: 310px\" class=\"wp-caption aligncenter\"><img loading=\"lazy\" decoding=\"async\" aria-describedby=\"caption-attachment-302\" class=\"size-medium wp-image-302\" src=\"http:\/\/bilisimcimartilar.com\/english\/wp-content\/uploads\/1459963_10151756764166604_1170378829_n-300x214.jpg\" alt=\"16. ICSQCC, City Montessori School, Lucknow, India\" width=\"300\" height=\"214\" srcset=\"https:\/\/bilisimcimartilar.com\/english\/wp-content\/uploads\/1459963_10151756764166604_1170378829_n-300x214.jpg 300w, https:\/\/bilisimcimartilar.com\/english\/wp-content\/uploads\/1459963_10151756764166604_1170378829_n-940x671.jpg 940w, https:\/\/bilisimcimartilar.com\/english\/wp-content\/uploads\/1459963_10151756764166604_1170378829_n-620x443.jpg 620w, https:\/\/bilisimcimartilar.com\/english\/wp-content\/uploads\/1459963_10151756764166604_1170378829_n-195x139.jpg 195w, https:\/\/bilisimcimartilar.com\/english\/wp-content\/uploads\/1459963_10151756764166604_1170378829_n.jpg 960w\" sizes=\"auto, (max-width: 300px) 100vw, 300px\" \/><p id=\"caption-attachment-302\" class=\"wp-caption-text\">16. ICSQCC, City Montessori School, Lucknow, India<\/p><\/div>\n<p>JURY MEMBERS: We are thankful to our honorary jury members.<\/p>\n<p>Prof.Dr. Syed Ali<\/p>\n<p>Dr.Vineeta Kamran<\/p>\n<p>Dr. Dheraj Mehrotra<\/p>\n<p>Prof.Dr. Filiz Karaosmano\u011flu<\/p>\n<p>Assoc.Prof.Dr. Zeynep K\u0131z\u0131ltepe<\/p>\n<p>Figen Atalay<\/p>\n<p>Mehmet G\u00fcl<\/p>\n<p>&nbsp;<\/p>\n<p>&nbsp;<\/p>\n<p>&nbsp;<\/p>\n<p>&nbsp;<\/p>\n<p>&nbsp;<\/p>\n<p>&nbsp;<\/p>\n","protected":false},"excerpt":{"rendered":"<p>\u00a0 &nbsp; &nbsp; &nbsp; &nbsp; &nbsp; JURY MEMBERS: We are thankful to our honorary jury members. Prof.Dr. Syed Ali Dr.Vineeta Kamran Dr. Dheraj Mehrotra Prof.Dr. Filiz Karaosmano\u011flu Assoc.Prof.Dr. Zeynep K\u0131z\u0131ltepe Figen Atalay Mehmet G\u00fcl &nbsp; &nbsp; &nbsp; &nbsp; &nbsp; &nbsp;<\/p>\n","protected":false},"author":1,"featured_media":0,"parent":0,"menu_order":70,"comment_status":"closed","ping_status":"closed","template":"","meta":{"footnotes":""},"class_list":["post-18","page","type-page","status-publish","hentry"],"_links":{"self":[{"href":"https:\/\/bilisimcimartilar.com\/english\/wp-json\/wp\/v2\/pages\/18","targetHints":{"allow":["GET"]}}],"collection":[{"href":"https:\/\/bilisimcimartilar.com\/english\/wp-json\/wp\/v2\/pages"}],"about":[{"href":"https:\/\/bilisimcimartilar.com\/english\/wp-json\/wp\/v2\/types\/page"}],"author":[{"embeddable":true,"href":"https:\/\/bilisimcimartilar.com\/english\/wp-json\/wp\/v2\/users\/1"}],"replies":[{"embeddable":true,"href":"https:\/\/bilisimcimartilar.com\/english\/wp-json\/wp\/v2\/comments?post=18"}],"version-history":[{"count":5,"href":"https:\/\/bilisimcimartilar.com\/english\/wp-json\/wp\/v2\/pages\/18\/revisions"}],"predecessor-version":[{"id":483,"href":"https:\/\/bilisimcimartilar.com\/english\/wp-json\/wp\/v2\/pages\/18\/revisions\/483"}],"wp:attachment":[{"href":"https:\/\/bilisimcimartilar.com\/english\/wp-json\/wp\/v2\/media?parent=18"}],"curies":[{"name":"wp","href":"https:\/\/api.w.org\/{rel}","templated":true}]}}