{"id":251,"date":"2014-03-16T12:14:51","date_gmt":"2014-03-16T12:14:51","guid":{"rendered":"https:\/\/bilisimcimartilar.com\/english\/?page_id=251"},"modified":"2015-10-06T18:39:58","modified_gmt":"2015-10-06T18:39:58","slug":"participation-steps","status":"publish","type":"page","link":"https:\/\/bilisimcimartilar.com\/english\/participation\/participation-steps\/","title":{"rendered":"Participation Steps"},"content":{"rendered":"<h2>Participation Steps (Functional Grades)<\/h2>\n<p><b>At the School Administration level:<\/b><\/p>\n<p>Voluntary Team leaders or teachers might register the Projects by sending the \u201cRegistration Form\u201d and also \u201cNetwork membership Form\u201d to Dr. Hayal K\u00f6ksal to participate in the Project. Those Forms must be asked from the General Director of the Project (Dr. Hayal K\u00d6KSAL). After the approval of the registration, Dr. K\u00f6ksal sends an approval e-letter to the leading teacher and to the school principal. Training PPTs are also sent to the leaders. It is recommended to the leading teams and to the principals to watch the PPTs to be informed about the needs of the Project.<\/p>\n<p><b>At the Team Level:<\/b><\/p>\n<p>Our projects are based upon the PDCA Mindset (Plan, Do, Check, Act) and the steps are as follows:<\/p>\n<ol>\n<li>Identification of the project topic (problem area) with the participation of students. Determination of the specific topic.<\/li>\n<li>Preparing the Gannt card for effective \u201cTime Management\u201d.<\/li>\n<li>Conducting a detailed research (Literature review) related to the problem area (The Internet, especially Google Scholar, Library, Bookstores, etc.).<\/li>\n<li>Drawing the \u201cRoad Map\u201d of the Project by using quality tools, such as; brainstorming, fishbone diagram, matrix, etc. It is recommended that after the determination of the project steps, approval should be asked from the general coordinator of the Project.<\/li>\n<li>Determination of the strategies and tactics after the main and root causes of the problem. Planning stage is the most important thing for the project management.<\/li>\n<li>Implementation of the strategies to bring solutions to the problem.<\/li>\n<li>Collecting and analyzing the data related to the problem.<\/li>\n<li>Measuring the success rate of the change. Pre-test and post-test steps are needed to conduct a scientific project.<\/li>\n<li>Sharing of all steps and outcomes might be done through various ways (web page, Blog, PPT presentation and\/or video).<\/li>\n<li>Self-assessment and Peer-assessment steps will be realized under the guidance of Dr. K\u00f6ksal.<\/li>\n<\/ol>\n","protected":false},"excerpt":{"rendered":"<p>Participation Steps (Functional Grades) At the School Administration level: Voluntary Team leaders or teachers might register the Projects by sending the \u201cRegistration Form\u201d and also \u201cNetwork membership Form\u201d to Dr. Hayal K\u00f6ksal to participate in the Project. Those Forms must be asked from the General Director of the Project (Dr. Hayal K\u00d6KSAL). After the approval [&hellip;]<\/p>\n","protected":false},"author":1,"featured_media":0,"parent":14,"menu_order":10,"comment_status":"closed","ping_status":"closed","template":"","meta":{"footnotes":""},"class_list":["post-251","page","type-page","status-publish","hentry"],"_links":{"self":[{"href":"https:\/\/bilisimcimartilar.com\/english\/wp-json\/wp\/v2\/pages\/251","targetHints":{"allow":["GET"]}}],"collection":[{"href":"https:\/\/bilisimcimartilar.com\/english\/wp-json\/wp\/v2\/pages"}],"about":[{"href":"https:\/\/bilisimcimartilar.com\/english\/wp-json\/wp\/v2\/types\/page"}],"author":[{"embeddable":true,"href":"https:\/\/bilisimcimartilar.com\/english\/wp-json\/wp\/v2\/users\/1"}],"replies":[{"embeddable":true,"href":"https:\/\/bilisimcimartilar.com\/english\/wp-json\/wp\/v2\/comments?post=251"}],"version-history":[{"count":4,"href":"https:\/\/bilisimcimartilar.com\/english\/wp-json\/wp\/v2\/pages\/251\/revisions"}],"predecessor-version":[{"id":457,"href":"https:\/\/bilisimcimartilar.com\/english\/wp-json\/wp\/v2\/pages\/251\/revisions\/457"}],"up":[{"embeddable":true,"href":"https:\/\/bilisimcimartilar.com\/english\/wp-json\/wp\/v2\/pages\/14"}],"wp:attachment":[{"href":"https:\/\/bilisimcimartilar.com\/english\/wp-json\/wp\/v2\/media?parent=251"}],"curies":[{"name":"wp","href":"https:\/\/api.w.org\/{rel}","templated":true}]}}