{"id":36,"date":"2014-02-23T16:55:00","date_gmt":"2014-02-23T14:55:00","guid":{"rendered":"http:\/\/www.konverjans.com\/test\/bilisimcimartilar\/?page_id=36"},"modified":"2015-10-06T18:48:29","modified_gmt":"2015-10-06T18:48:29","slug":"jury-members","status":"publish","type":"page","link":"https:\/\/bilisimcimartilar.com\/english\/assesment\/jury-members\/","title":{"rendered":"Jury Members"},"content":{"rendered":"<h2 style=\"text-align: center;\" align=\"center\">Honorary Jury Members<\/h2>\n<p style=\"text-align: center;\"><strong>\u00a0\u00a0\u00a0\u00a0\u00a0\u00a0\u00a0\u00a0\u00a0\u00a0\u00a0\u00a0\u00a0\u00a0\u00a0\u00a0\u00a0\u00a0\u00a0\u00a0\u00a0\u00a0\u00a0\u00a0\u00a0\u00a0\u00a0\u00a0\u00a0\u00a0\u00a0 Ten honorary jury members will be with us during the assessment process of 2016 Projects.\u00a0<\/strong><strong>I am thankful to them for giving their valuable time and energy to our projects.<\/strong><\/p>\n<p align=\"center\">\n<p align=\"center\"><strong>Prof. Dr. Syed Ali<br \/>\n<\/strong>Johns Hopkins University, USA<br \/>\nAdvisor\u00a0@ WCTQEE<\/p>\n<p align=\"center\"><strong>Dr. Vineeta Kamran<br \/>\n<\/strong>Founding Principal of\u00a0CMS, Lucknow, India<br \/>\nExecutive Secretary @ WCTQEE<\/p>\n<p align=\"center\"><strong>Dr. Dheraj Mehrotra<\/strong><br \/>\nNECT Education, India<\/p>\n<p align=\"center\"><strong>Prof. Dr. Filiz Karaosmano\u011flu<br \/>\n<\/strong>Istanbul Technical university,\u00a0Istanbul, T\u00fcrkiye<\/p>\n<p align=\"center\"><strong>Assoc.Prof.Dr. Zeynep K\u0131z\u0131ltepe<br \/>\n<\/strong>Bo\u011fazi\u00e7i University, Istanbul, T\u00fcrkiye<\/p>\n<p align=\"center\"><strong>Figen Atalay<br \/>\n<\/strong>Editor &amp;\u00a0Journalist @\u00a0Daily Cumhuriyet, Istanbul, Turkey<\/p>\n<p style=\"text-align: center;\" align=\"center\"><strong>Mehmet G\u00fcl<br \/>\n<\/strong>President\u00a0of\u00a0Tria IT Company,\u00a0Istanbul, Turkey<br \/>\nSainte Pulch\u00e9rie Graduates Foundation,<br \/>\nPrivate New Generation\u00a02000 School&#8217;s IT Coordinator,<br \/>\nJury member of ICT Seagulls Projects<\/p>\n<p align=\"center\"><strong>Dr. Hayal K\u00f6ksal<br \/>\n<\/strong>\u00a0Director General\u00a0of\u00a0WCTQEE, Istanbul, Turkey<br \/>\nFounder of Hayal K\u00f6ksal Quality &amp; Peace Education\u00a0Networking<br \/>\nDesigner &amp; General Coordinator of ICT Seagulls Projects<br \/>\nAdvisor, Localizer, Trainer\u00a0for\u00a0Microsoft Innovative Teachers Program (2004-2009)<\/p>\n","protected":false},"excerpt":{"rendered":"<p>Honorary Jury Members \u00a0\u00a0\u00a0\u00a0\u00a0\u00a0\u00a0\u00a0\u00a0\u00a0\u00a0\u00a0\u00a0\u00a0\u00a0\u00a0\u00a0\u00a0\u00a0\u00a0\u00a0\u00a0\u00a0\u00a0\u00a0\u00a0\u00a0\u00a0\u00a0\u00a0\u00a0 Ten honorary jury members will be with us during the assessment process of 2016 Projects.\u00a0I am thankful to them for giving their valuable time and energy to our projects. Prof. Dr. Syed Ali Johns Hopkins University, USA Advisor\u00a0@ WCTQEE Dr. Vineeta Kamran Founding Principal of\u00a0CMS, Lucknow, India Executive Secretary @ WCTQEE [&hellip;]<\/p>\n","protected":false},"author":1,"featured_media":0,"parent":12,"menu_order":20,"comment_status":"closed","ping_status":"closed","template":"","meta":{"footnotes":""},"class_list":["post-36","page","type-page","status-publish","hentry"],"_links":{"self":[{"href":"https:\/\/bilisimcimartilar.com\/english\/wp-json\/wp\/v2\/pages\/36","targetHints":{"allow":["GET"]}}],"collection":[{"href":"https:\/\/bilisimcimartilar.com\/english\/wp-json\/wp\/v2\/pages"}],"about":[{"href":"https:\/\/bilisimcimartilar.com\/english\/wp-json\/wp\/v2\/types\/page"}],"author":[{"embeddable":true,"href":"https:\/\/bilisimcimartilar.com\/english\/wp-json\/wp\/v2\/users\/1"}],"replies":[{"embeddable":true,"href":"https:\/\/bilisimcimartilar.com\/english\/wp-json\/wp\/v2\/comments?post=36"}],"version-history":[{"count":8,"href":"https:\/\/bilisimcimartilar.com\/english\/wp-json\/wp\/v2\/pages\/36\/revisions"}],"predecessor-version":[{"id":459,"href":"https:\/\/bilisimcimartilar.com\/english\/wp-json\/wp\/v2\/pages\/36\/revisions\/459"}],"up":[{"embeddable":true,"href":"https:\/\/bilisimcimartilar.com\/english\/wp-json\/wp\/v2\/pages\/12"}],"wp:attachment":[{"href":"https:\/\/bilisimcimartilar.com\/english\/wp-json\/wp\/v2\/media?parent=36"}],"curies":[{"name":"wp","href":"https:\/\/api.w.org\/{rel}","templated":true}]}}