{"id":38,"date":"2014-02-23T16:58:38","date_gmt":"2014-02-23T14:58:38","guid":{"rendered":"http:\/\/www.konverjans.com\/test\/bilisimcimartilar\/?page_id=38"},"modified":"2015-01-11T20:16:07","modified_gmt":"2015-01-11T20:16:07","slug":"2004-projects","status":"publish","type":"page","link":"https:\/\/bilisimcimartilar.com\/english\/projects\/2004-projects\/","title":{"rendered":"2004 Projects"},"content":{"rendered":"<ul>\n<li>TEV \u0130NAN\u00c7 T\u00dcRKE\u015e \u00d6ZEL L\u0130SES\u0130: \u201cDe\u011fi\u015fen D\u00fcnyan\u0131n \u00c7ocuk Oyunlar\u0131na Etkisi\u201d <a href=\"http:\/\/www.tevitol.k12.tr\/dokuztas\">www.tevitol.k12.tr\/dokuztas<\/a> \u00a0 \u00a0 (The affects of changing world to the children games)<\/li>\n<li>KULEL\u0130 ASKER\u0130 L\u0130SES\u0130: \u201cOrta Dereceli Okullarda Sa\u011fl\u0131k E\u011fitimi Modeli\u201d (Healt education in secondary schools)<\/li>\n<li>\u00d6ZEL DEVRAN L\u0130SES\u0130: \u201cK\u00fcresel \u00c7evre Kirlili\u011fine Dikkat \u00c7ekmek ve \u00c7\u00f6z\u00fcm \u00d6nerileri Sunmak\u201d <a href=\"http:\/\/www.devran.k12.tr\/cevre\">www.devran.k12.tr\/cevre<\/a> (Global Enviro pollution)<\/li>\n<li>KULEL\u0130 ASKER\u0130 L\u0130SES\u0130: \u201cOkullarda Kaliteli E\u011fitim\u201d (Quality education in schools)<\/li>\n<li>\u00d6ZEL SEZ\u0130N OKULU: \u201cTarihten G\u00fcn\u00fcm\u00fcze Moda Semti Projesi\u201d\u00a0 <a href=\"http:\/\/www.sezin.k12.tr\/moda\">www.sezin.k12.tr\/moda<\/a> (From Past to the Present; Moda region project)<\/li>\n<\/ul>\n","protected":false},"excerpt":{"rendered":"<p>TEV \u0130NAN\u00c7 T\u00dcRKE\u015e \u00d6ZEL L\u0130SES\u0130: \u201cDe\u011fi\u015fen D\u00fcnyan\u0131n \u00c7ocuk Oyunlar\u0131na Etkisi\u201d www.tevitol.k12.tr\/dokuztas \u00a0 \u00a0 (The affects of changing world to the children games) KULEL\u0130 ASKER\u0130 L\u0130SES\u0130: \u201cOrta Dereceli Okullarda Sa\u011fl\u0131k E\u011fitimi Modeli\u201d (Healt education in secondary schools) \u00d6ZEL DEVRAN L\u0130SES\u0130: \u201cK\u00fcresel \u00c7evre Kirlili\u011fine Dikkat \u00c7ekmek ve \u00c7\u00f6z\u00fcm \u00d6nerileri Sunmak\u201d www.devran.k12.tr\/cevre (Global Enviro pollution) KULEL\u0130 ASKER\u0130 L\u0130SES\u0130: [&hellip;]<\/p>\n","protected":false},"author":1,"featured_media":0,"parent":16,"menu_order":300,"comment_status":"closed","ping_status":"closed","template":"","meta":{"footnotes":""},"class_list":["post-38","page","type-page","status-publish","hentry"],"_links":{"self":[{"href":"https:\/\/bilisimcimartilar.com\/english\/wp-json\/wp\/v2\/pages\/38","targetHints":{"allow":["GET"]}}],"collection":[{"href":"https:\/\/bilisimcimartilar.com\/english\/wp-json\/wp\/v2\/pages"}],"about":[{"href":"https:\/\/bilisimcimartilar.com\/english\/wp-json\/wp\/v2\/types\/page"}],"author":[{"embeddable":true,"href":"https:\/\/bilisimcimartilar.com\/english\/wp-json\/wp\/v2\/users\/1"}],"replies":[{"embeddable":true,"href":"https:\/\/bilisimcimartilar.com\/english\/wp-json\/wp\/v2\/comments?post=38"}],"version-history":[{"count":4,"href":"https:\/\/bilisimcimartilar.com\/english\/wp-json\/wp\/v2\/pages\/38\/revisions"}],"predecessor-version":[{"id":380,"href":"https:\/\/bilisimcimartilar.com\/english\/wp-json\/wp\/v2\/pages\/38\/revisions\/380"}],"up":[{"embeddable":true,"href":"https:\/\/bilisimcimartilar.com\/english\/wp-json\/wp\/v2\/pages\/16"}],"wp:attachment":[{"href":"https:\/\/bilisimcimartilar.com\/english\/wp-json\/wp\/v2\/media?parent=38"}],"curies":[{"name":"wp","href":"https:\/\/api.w.org\/{rel}","templated":true}]}}