{"id":39,"date":"2014-02-23T16:59:24","date_gmt":"2014-02-23T14:59:24","guid":{"rendered":"http:\/\/www.konverjans.com\/test\/bilisimcimartilar\/?page_id=39"},"modified":"2015-01-11T20:21:32","modified_gmt":"2015-01-11T20:21:32","slug":"2006-projects","status":"publish","type":"page","link":"https:\/\/bilisimcimartilar.com\/english\/projects\/2006-projects\/","title":{"rendered":"2006 Projects"},"content":{"rendered":"<table border=\"0\" width=\"913\" cellspacing=\"0\" cellpadding=\"0\">\n<colgroup>\n<col width=\"41\" \/>\n<col width=\"222\" \/>\n<col width=\"206\" \/>\n<col width=\"254\" \/>\n<col width=\"190\" \/> <\/colgroup>\n<tbody>\n<tr>\n<td width=\"41\" height=\"51\">O.<\/td>\n<td width=\"222\">SCHOOL<\/td>\n<td width=\"206\">PROJECT TOPIC<\/td>\n<td width=\"254\">WEB ADDRESS<\/td>\n<td width=\"190\">AWARD<\/td>\n<\/tr>\n<tr>\n<td colspan=\"5\" width=\"913\" height=\"51\">Kindergarten\u00a0\u00a0\u00a0\u00a0\u00a0\u00a0\u00a0\u00a0\u00a0\u00a0\u00a0\u00a0\u00a0\u00a0\u00a0\u00a0\u00a0\u00a0\u00a0\u00a0 (PPT presentations of the Kindergarten groups are excluded from the collective assessment)<\/td>\n<\/tr>\n<tr>\n<td width=\"41\" height=\"71\">1<\/td>\n<td width=\"222\">Zeynep Mutlu E\u011fitim Vakf\u0131, Kemer Kid\u2019s Garden<\/td>\n<td width=\"206\">Our contributions to recycling period<\/td>\n<td width=\"254\">Ppt presentation only<\/td>\n<td width=\"190\">SPECIAL AWARD<\/td>\n<\/tr>\n<tr>\n<td colspan=\"5\" width=\"913\" height=\"51\">1-3.Graders\u00a0\u00a0\u00a0\u00a0\u00a0\u00a0\u00a0\u00a0\u00a0\u00a0\u00a0\u00a0\u00a0\u00a0\u00a0\u00a0\u00a0\u00a0\u00a0\u00a0\u00a0\u00a0\u00a0 (PPT presentations of the Kindergarten groups are excluded from the collective assessment)<\/td>\n<\/tr>\n<tr>\n<td width=\"41\" height=\"51\">1<\/td>\n<td width=\"222\">Mahmut Erseven Primary School.<\/td>\n<td width=\"206\">2. Grade \u0130mece\/Collaboration<\/td>\n<td width=\"254\">PPT presentation only<\/td>\n<td width=\"190\">SPECIAL AWARD<\/td>\n<\/tr>\n<tr>\n<td width=\"41\" height=\"51\">2<\/td>\n<td width=\"222\">Mahmut Erseven Primary School<\/td>\n<td width=\"206\">3. Grade \u0130mece\/Collaboration<\/td>\n<td width=\"254\">PPT presentation only<\/td>\n<td width=\"190\">SPECIAL AWARD<\/td>\n<\/tr>\n<tr>\n<td colspan=\"5\" width=\"913\" height=\"30\">4-5. Graders<\/td>\n<\/tr>\n<tr>\n<td width=\"41\" height=\"51\">1<\/td>\n<td width=\"222\">Mehmet \u0130pgin Primary School<\/td>\n<td width=\"206\">Computer games<\/td>\n<td width=\"254\"><a href=\"http:\/\/www.mehmetipgin.com\/proje.html\">www.mehmetipgin.com\/proje.html<\/a><\/td>\n<td width=\"190\">SUCCESSFUL AWARD<\/td>\n<\/tr>\n<tr>\n<td width=\"41\" height=\"71\">2<\/td>\n<td width=\"222\">Zeynep Mutlu E\u011fitim Vakf\u0131, Kemer Primary School<\/td>\n<td width=\"206\">Natural Disasters Project<\/td>\n<td width=\"254\"><a href=\"http:\/\/www.keysar.net\/\">www.keysar.net<\/a><\/td>\n<td width=\"190\">SUCCESSFUL AWARD<\/td>\n<\/tr>\n<tr>\n<td width=\"41\" height=\"51\">3<\/td>\n<td width=\"222\">Ortak\u00f6y Hayat Primary School<\/td>\n<td width=\"206\">NGOs Project<\/td>\n<td width=\"254\"><a href=\"http:\/\/www.ortakoyioo.k12.tr\/yardimsever7ler\/ilk.htm\">www.ortakoyioo.k12.tr\/yardimsever7ler\/ilk.htm<\/a><\/td>\n<td width=\"190\">MOST OUTSTANDING<\/td>\n<\/tr>\n<\/tbody>\n<\/table>\n<table border=\"0\" width=\"915\" cellspacing=\"0\" cellpadding=\"0\">\n<colgroup>\n<col width=\"41\" \/>\n<col width=\"223\" \/>\n<col width=\"206\" \/>\n<col width=\"254\" \/>\n<col width=\"191\" \/> <\/colgroup>\n<tbody>\n<tr>\n<td colspan=\"5\" width=\"915\" height=\"28\">NGO Circles (4-5. Graders)<\/td>\n<\/tr>\n<tr>\n<td width=\"41\" height=\"56\">1<\/td>\n<td width=\"223\">Educational Volunteers Foundation, Suna-\u0130nan K\u0131ra\u00e7 Educational Unit<\/td>\n<td width=\"206\">Environmental Project<\/td>\n<td width=\"254\"><a href=\"http:\/\/www.tegvportal.org\/cevreciyunuslar\">www.tegvportal.org\/cevreciyunuslar<\/a><\/td>\n<td width=\"191\">SUCCESSFUL AWARD<\/td>\n<\/tr>\n<tr>\n<td width=\"41\" height=\"56\">2<\/td>\n<td width=\"223\">Educational Volunteers Foundation,\u00a0 Semiha \u015eakir Educational Unit<\/td>\n<td width=\"206\">\u201cThose who fall onto the road\u201d Project<\/td>\n<td width=\"254\"><a href=\"http:\/\/www.tegvportal.org\/yoladusenler\">www.tegvportal.org\/yoladusenler<\/a><\/td>\n<td width=\"191\">MOST OUTSTANDING<\/td>\n<\/tr>\n<tr>\n<td width=\"41\" height=\"63\">3<\/td>\n<td width=\"223\">Educational Volunteers Foundation,\u00a0 Semiha \u015eakir Educational Unit<\/td>\n<td width=\"206\">\u201cIdentification of\u00a0 destitute children\u201d Project<\/td>\n<td width=\"254\"><a href=\"http:\/\/www.tegvportal.org\/yardimcikardesler\">www.tegvportal.org\/yardimcikardesler<\/a><\/td>\n<td width=\"191\">SUCCESSFUL AWARD<\/td>\n<\/tr>\n<tr>\n<td colspan=\"5\" width=\"915\" height=\"28\">6-8. Graders<\/td>\n<\/tr>\n<tr>\n<td width=\"41\" height=\"45\">1<\/td>\n<td width=\"223\">Mahmut Erseven\u00a0 Primary School<\/td>\n<td width=\"206\">Brain hunters Project<\/td>\n<td width=\"254\"><a href=\"http:\/\/www.mahmutersevenioo.k12.tr\/beyingocu\">www.mahmutersevenioo.k12.tr\/beyingocu<\/a><\/td>\n<td width=\"191\">MOST OUTSTANDING<\/td>\n<\/tr>\n<tr>\n<td width=\"41\" height=\"45\">2<\/td>\n<td width=\"223\">Private \u00c7evre Primary School<\/td>\n<td width=\"206\">Enviro-energy Project<\/td>\n<td width=\"254\"><a href=\"http:\/\/www.cevrekoleji.k12.tr\/cevrenerji\">http:\/\/www.cevrekoleji.k12.tr\/cevrenerji<\/a><\/td>\n<td width=\"191\">SUCCESSFUL AWARD<\/td>\n<\/tr>\n<tr>\n<td width=\"41\" height=\"45\">3<\/td>\n<td width=\"223\">Izmir PrivateI\u015f\u0131kkent Primary School<\/td>\n<td width=\"206\">Blue Pearl Enviro Project<\/td>\n<td width=\"254\"><a href=\"http:\/\/www.isikkent.k12.tr\/maviinci\">www.isikkent.k12.tr\/maviinci<\/a><\/td>\n<td width=\"191\">SUCCESSFUL AWARD<\/td>\n<\/tr>\n<tr>\n<td width=\"41\" height=\"45\">4<\/td>\n<td width=\"223\">100.Y\u0131l Mustafa Kemal Primary School<\/td>\n<td width=\"206\">Exam stress Project<\/td>\n<td width=\"254\"><a href=\"http:\/\/members.lycos.co.uk\/hackantr\/anasayfa.html\">http:\/\/members.lycos.co.uk\/hackantr\/anasayfa.html<\/a><\/td>\n<td width=\"191\">PARTICIPATING<\/td>\n<\/tr>\n<tr>\n<td width=\"41\" height=\"45\">5<\/td>\n<td width=\"223\">100.Y\u0131l Mustafa Kemal Primary School<\/td>\n<td width=\"206\">Education and Violence Project<\/td>\n<td width=\"254\"><span style=\"text-decoration: underline;\">www.Egitimdesiddet.ws.tc\u00a0\u00a0\u00a0\u00a0 <\/span><\/td>\n<td width=\"191\">MOST OUTSTANDING<\/td>\n<\/tr>\n<tr>\n<td width=\"41\" height=\"45\">6<\/td>\n<td width=\"223\">Rahmi Kiri\u015f\u00e7io\u011flu Primary School<\/td>\n<td width=\"206\">\u201cCheerful School\u201d Project<\/td>\n<td width=\"254\"><a href=\"http:\/\/www.keyifliokul.gen.tr\/\">www.keyifliokul.gen.tr<\/a><\/td>\n<td width=\"191\">MOST OUTSTANDING<\/td>\n<\/tr>\n<tr>\n<td width=\"41\" height=\"45\">7<\/td>\n<td width=\"223\">Private Irmak Schools<\/td>\n<td width=\"206\">Enviro-lover vehicles project<\/td>\n<td width=\"254\"><a href=\"http:\/\/www.irmak.k12.tr\/mavigokyuzu\">http:\/\/www.irmak.k12.tr\/mavigokyuzu<\/a><\/td>\n<td width=\"191\">SUCCESSFUL AWARD<\/td>\n<\/tr>\n<tr>\n<td width=\"41\" height=\"45\">8<\/td>\n<td width=\"223\">Dar\u00fc\u015f\u015fafaka Primary School<\/td>\n<td width=\"206\">Housing problem at Derbent Project<\/td>\n<td width=\"254\"><a href=\"http:\/\/www.duyarligencler.org\/\">www.duyarligencler.org<\/a><\/td>\n<td width=\"191\">PARTICIPATING<\/td>\n<\/tr>\n<\/tbody>\n<\/table>\n<table border=\"0\" width=\"934\" cellspacing=\"0\" cellpadding=\"0\">\n<colgroup>\n<col width=\"42\" \/>\n<col width=\"227\" \/>\n<col width=\"210\" \/>\n<col width=\"260\" \/>\n<col width=\"194\" \/> <\/colgroup>\n<tbody>\n<tr>\n<td colspan=\"5\" width=\"934\" height=\"34\">NGO Circles (6-8. Graders)<\/td>\n<\/tr>\n<tr>\n<td width=\"42\" height=\"71\">1<\/td>\n<td width=\"227\">Educational Volunteers Foundation,\u00a0 Etimesgut Park<\/td>\n<td width=\"210\">\u201cNot Memorize but Internalize\u201d Project<\/td>\n<td width=\"260\"><a href=\"http:\/\/www.tegvportal.org\/tegvtechteam\">www.tegvportal<\/a><a href=\"http:\/\/www.tegvportal.org\/tegvtechteam\">.org\/tegvtechteam<\/a><\/td>\n<td width=\"194\">MOST OUTSTANDING<\/td>\n<\/tr>\n<tr>\n<td width=\"42\" height=\"79\">2<\/td>\n<td width=\"227\">Educational Volunteers Foundation,\u00a0 Beykoz Educational Unit<\/td>\n<td width=\"210\">Awareness project against visual\u00a0 pollution<\/td>\n<td width=\"260\"><a href=\"http:\/\/www.tegvportal.org\/gokkusagi\">www.tegvportal.org\/gokkusagi<\/a><\/td>\n<td width=\"194\">SUCCESSFUL AWARD<\/td>\n<\/tr>\n<tr>\n<td width=\"42\" height=\"102\">3<\/td>\n<td width=\"227\">Educational Volunteers Foundation,\u00a0 Beykoz Educational Unit<\/td>\n<td width=\"210\">Earthquake Awareness Project<\/td>\n<td width=\"260\"><a href=\"http:\/\/www.tegvportal.org\/FAY(da\">www.tegvportal.org\/FAY(da<\/a>)<a href=\"http:\/\/www.tegvportal.org\/fayda\">http:\/\/www.tegvportal.org\/fayda<\/a> (Accessible)<\/td>\n<td width=\"194\">SUCCESSFUL AWARD<\/td>\n<\/tr>\n<tr>\n<td width=\"42\" height=\"97\">4<\/td>\n<td width=\"227\">Educational Volunteers Foundation,\u00a0 Ferit Aysan Educational\u00a0 Park<\/td>\n<td width=\"210\">Enviro wolves Project<\/td>\n<td width=\"260\"><a href=\"http:\/\/www.tegvportal.org\/cevrekurtlari\/anasayfa.htm\">www.tegvportal.org\/cevrekurtlari\/anasayfa.htm<\/a><\/td>\n<td width=\"194\">SUCCESSFUL AWARD<\/td>\n<\/tr>\n<\/tbody>\n<\/table>\n<table border=\"0\" width=\"941\" cellspacing=\"0\" cellpadding=\"0\">\n<colgroup>\n<col width=\"43\" \/>\n<col width=\"229\" \/>\n<col width=\"212\" \/>\n<col width=\"261\" \/>\n<col width=\"196\" \/> <\/colgroup>\n<tbody>\n<tr>\n<td colspan=\"4\" width=\"745\" height=\"51\">High Schools:<\/td>\n<td width=\"196\"><\/td>\n<\/tr>\n<tr>\n<td width=\"43\" height=\"40\">1<\/td>\n<td width=\"229\">Sak\u0131p Sabanc\u0131 Anatolian High School<\/td>\n<td width=\"212\">Nutrition Project<\/td>\n<td width=\"261\"><a href=\"http:\/\/www.freewebtown.com\/4-15\/s\/e\/sefertasi\/\">http:\/\/www.freewebtown.com\/4-15\/s\/e\/sefertasi\/<\/a><\/td>\n<td width=\"196\">SUCCESSFUL AWARD<\/td>\n<\/tr>\n<tr>\n<td width=\"43\" height=\"40\">2<\/td>\n<td width=\"229\">Sak\u0131p Sabanc\u0131 Anatolian High School<\/td>\n<td width=\"212\">Math Project<\/td>\n<td width=\"261\"><a href=\"http:\/\/ssalmat.sitemynet.com\/anasyf\/anasyf.htm\">http:\/\/ssalmat.sitemynet.com\/anasyf\/anasyf.htm<\/a><\/td>\n<td width=\"196\">PARTICIPATING<\/td>\n<\/tr>\n<tr>\n<td width=\"43\" height=\"56\">3<\/td>\n<td width=\"229\">Turkish Educational Foundation, Private \u0130nan\u00e7 T\u00fcrke\u015f High School<\/td>\n<td width=\"212\">Stress Project: The illness of our age<\/td>\n<td width=\"261\"><a href=\"http:\/\/www.tevitol.k12.tr\/\">www.tevitol.k12.tr<\/a><\/td>\n<td width=\"196\">SUCCESSFUL AWARD<\/td>\n<\/tr>\n<tr>\n<td width=\"43\" height=\"40\">4<\/td>\n<td width=\"229\">Avc\u0131lar \u0130HK\u0130B Vocational School<\/td>\n<td width=\"212\">Multi functional dresses Project<\/td>\n<td width=\"261\"><a href=\"http:\/\/www.avcilarihkib.com\/\">www.avcilarihkib.com<\/a><\/td>\n<td width=\"196\">SUCCESSFUL AWARD<\/td>\n<\/tr>\n<tr>\n<td width=\"43\" height=\"40\">5<\/td>\n<td width=\"229\">Etimesgut Anatolian Commercial High School<\/td>\n<td width=\"212\">Unconscious consumption Project<\/td>\n<td width=\"261\"><a href=\"http:\/\/www.eatml.k12.tr\/\">www.eatml.k12.tr<\/a><\/td>\n<td width=\"196\">SUCCESSFUL AWARD<\/td>\n<\/tr>\n<tr>\n<td width=\"43\" height=\"40\">6<\/td>\n<td width=\"229\">Dar\u00fc\u015f\u015fafaka High School<\/td>\n<td width=\"212\">Pollution problem of K\u00fc\u00e7\u00fck \u00c7ekmece Lake<\/td>\n<td width=\"261\"><a href=\"http:\/\/www.dacev.org\/\">www.dacev.org<\/a><\/td>\n<td width=\"196\">SUCCESSFUL AWARD<\/td>\n<\/tr>\n<tr>\n<td colspan=\"5\" width=\"941\" height=\"26\">Universities\u00a0\u00a0\u00a0\u00a0\u00a0\u00a0\u00a0\u00a0\u00a0\u00a0\u00a0\u00a0\u00a0\u00a0\u00a0\u00a0\u00a0\u00a0\u00a0\u00a0\u00a0\u00a0\u00a0\u00a0\u00a0\u00a0\u00a0\u00a0\u00a0\u00a0\u00a0\u00a0\u00a0\u00a0\u00a0\u00a0\u00a0\u00a0\u00a0\u00a0\u00a0\u00a0\u00a0\u00a0\u00a0\u00a0\u00a0\u00a0\u00a0\u00a0\u00a0\u00a0\u00a0\u00a0\u00a0\u00a0\u00a0\u00a0\u00a0\u00a0\u00a0\u00a0\u00a0\u00a0\u00a0\u00a0\u00a0\u00a0\u00a0\u00a0\u00a0\u00a0\u00a0\u00a0\u00a0\u00a0\u00a0\u00a0\u00a0\u00a0\u00a0\u00a0\u00a0 (A separate category not assessed collectively)<\/td>\n<\/tr>\n<tr>\n<td width=\"43\" height=\"56\">1<\/td>\n<td width=\"229\">Ege University, Computer and Educational Technologies Department<\/td>\n<td width=\"212\">Using time effectively Project<\/td>\n<td width=\"261\"><a href=\"http:\/\/www.egitim.ege.edu.tr\/~kumsaati\">www.egitim.ege.edu.tr\/~kumsaati<\/a><\/td>\n<td width=\"196\">PROF.DR.\u00dcM\u0130T SERDARO\u011eLU SPECIAL AWARD<\/td>\n<\/tr>\n<tr>\n<td colspan=\"5\" width=\"941\" height=\"26\">International\u00a0 Circles\u00a0\u00a0\u00a0\u00a0\u00a0\u00a0\u00a0\u00a0\u00a0\u00a0\u00a0\u00a0\u00a0\u00a0\u00a0\u00a0\u00a0\u00a0\u00a0\u00a0\u00a0\u00a0\u00a0\u00a0\u00a0\u00a0\u00a0\u00a0\u00a0\u00a0\u00a0\u00a0\u00a0\u00a0\u00a0\u00a0\u00a0\u00a0\u00a0\u00a0\u00a0\u00a0\u00a0\u00a0\u00a0\u00a0\u00a0\u00a0\u00a0\u00a0\u00a0\u00a0\u00a0\u00a0\u00a0\u00a0\u00a0\u00a0\u00a0\u00a0\u00a0\u00a0\u00a0\u00a0\u00a0\u00a0\u00a0\u00a0\u00a0\u00a0\u00a0\u00a0\u00a0\u00a0\u00a0\u00a0\u00a0\u00a0\u00a0\u00a0 (A separate category not assessed collectively)<\/td>\n<\/tr>\n<tr>\n<td width=\"43\" height=\"56\">1<\/td>\n<td width=\"229\">California Seabright Montessori School<\/td>\n<td width=\"212\">P.L.A.Y. Playgrounds Let All Be Young<\/td>\n<td width=\"261\"><a href=\"http:\/\/www.seabrightmontessorischool.com\/\">www.seabrightmontessorischool.com<\/a><\/td>\n<td width=\"196\">MOST SUCCESSFUL \u0130MECE CIRCLE OF USA<\/td>\n<\/tr>\n<tr>\n<td width=\"43\" height=\"56\">2<\/td>\n<td width=\"229\">India, Lucknow City Montessori School<\/td>\n<td width=\"212\">Quality for Peace using IT<\/td>\n<td width=\"261\"><a href=\"http:\/\/www.bilisimcimartilar.com\/cyberspace\">http:\/\/www.bilisimcimartilar.com\/cyberspace<\/a><\/td>\n<td width=\"196\">MOST SUCCESSFUL \u0130MECE CIRCLE OF INDIA (High School)<\/td>\n<\/tr>\n<tr>\n<td width=\"43\" height=\"56\">3<\/td>\n<td width=\"229\">India, Lucknow City Montessori School<\/td>\n<td width=\"212\">Peace Pals<\/td>\n<td width=\"261\"><a href=\"http:\/\/www.bilisimcimartilar.com\/peacepals\">http:\/\/www.bilisimcimartilar.com\/peacepals<\/a><\/td>\n<td width=\"196\">MOST SUCCESSFUL \u0130MECE CIRCLE OF INDIA (Primary School)<\/td>\n<\/tr>\n<\/tbody>\n<\/table>\n","protected":false},"excerpt":{"rendered":"<p>O. SCHOOL PROJECT TOPIC WEB ADDRESS AWARD Kindergarten\u00a0\u00a0\u00a0\u00a0\u00a0\u00a0\u00a0\u00a0\u00a0\u00a0\u00a0\u00a0\u00a0\u00a0\u00a0\u00a0\u00a0\u00a0\u00a0\u00a0 (PPT presentations of the Kindergarten groups are excluded from the collective assessment) 1 Zeynep Mutlu E\u011fitim Vakf\u0131, Kemer Kid\u2019s Garden Our contributions to recycling period Ppt presentation only SPECIAL AWARD 1-3.Graders\u00a0\u00a0\u00a0\u00a0\u00a0\u00a0\u00a0\u00a0\u00a0\u00a0\u00a0\u00a0\u00a0\u00a0\u00a0\u00a0\u00a0\u00a0\u00a0\u00a0\u00a0\u00a0\u00a0 (PPT presentations of the Kindergarten groups are excluded from the collective assessment) 1 Mahmut Erseven Primary [&hellip;]<\/p>\n","protected":false},"author":1,"featured_media":0,"parent":16,"menu_order":280,"comment_status":"closed","ping_status":"closed","template":"","meta":{"footnotes":""},"class_list":["post-39","page","type-page","status-publish","hentry"],"_links":{"self":[{"href":"https:\/\/bilisimcimartilar.com\/english\/wp-json\/wp\/v2\/pages\/39","targetHints":{"allow":["GET"]}}],"collection":[{"href":"https:\/\/bilisimcimartilar.com\/english\/wp-json\/wp\/v2\/pages"}],"about":[{"href":"https:\/\/bilisimcimartilar.com\/english\/wp-json\/wp\/v2\/types\/page"}],"author":[{"embeddable":true,"href":"https:\/\/bilisimcimartilar.com\/english\/wp-json\/wp\/v2\/users\/1"}],"replies":[{"embeddable":true,"href":"https:\/\/bilisimcimartilar.com\/english\/wp-json\/wp\/v2\/comments?post=39"}],"version-history":[{"count":4,"href":"https:\/\/bilisimcimartilar.com\/english\/wp-json\/wp\/v2\/pages\/39\/revisions"}],"predecessor-version":[{"id":383,"href":"https:\/\/bilisimcimartilar.com\/english\/wp-json\/wp\/v2\/pages\/39\/revisions\/383"}],"up":[{"embeddable":true,"href":"https:\/\/bilisimcimartilar.com\/english\/wp-json\/wp\/v2\/pages\/16"}],"wp:attachment":[{"href":"https:\/\/bilisimcimartilar.com\/english\/wp-json\/wp\/v2\/media?parent=39"}],"curies":[{"name":"wp","href":"https:\/\/api.w.org\/{rel}","templated":true}]}}