{"id":42,"date":"2014-02-23T17:01:27","date_gmt":"2014-02-23T15:01:27","guid":{"rendered":"http:\/\/www.konverjans.com\/test\/bilisimcimartilar\/?page_id=42"},"modified":"2015-02-22T14:59:29","modified_gmt":"2015-02-22T14:59:29","slug":"2010-projects","status":"publish","type":"page","link":"https:\/\/bilisimcimartilar.com\/english\/projects\/2010-projects\/","title":{"rendered":"2010 Projects"},"content":{"rendered":"<p><img loading=\"lazy\" decoding=\"async\" class=\"aligncenter size-thumbnail wp-image-415\" src=\"http:\/\/bilisimcimartilar.com\/english\/wp-content\/uploads\/64808_448988759804_7199030_n1-300x225-150x150.jpg\" alt=\"64808_448988759804_7199030_n1-300x225\" width=\"150\" height=\"150\" srcset=\"https:\/\/bilisimcimartilar.com\/english\/wp-content\/uploads\/64808_448988759804_7199030_n1-300x225-150x150.jpg 150w, https:\/\/bilisimcimartilar.com\/english\/wp-content\/uploads\/64808_448988759804_7199030_n1-300x225-130x130.jpg 130w, https:\/\/bilisimcimartilar.com\/english\/wp-content\/uploads\/64808_448988759804_7199030_n1-300x225-70x70.jpg 70w, https:\/\/bilisimcimartilar.com\/english\/wp-content\/uploads\/64808_448988759804_7199030_n1-300x225-45x45.jpg 45w\" sizes=\"auto, (max-width: 150px) 100vw, 150px\" \/>The ICT Seagulls project started its 7<sup>th<\/sup> year with the emphasis on ARTS. According to the quality-based philosophy of the Project, every team, finalizing all the steps properly, was a \u201cwinner\u201d. One of our targets was keeping web sites and blogs alive even after the announcement of results in addition to following the rules and regulations. So the ex-participants would also go on exhibiting and sharing their projects with the community.<\/p>\n<p>The main theme of the year was; \u201cART\u201d. In other words; no other project topic \u00a0included in the studies that year. All the teams focused on <span style=\"text-decoration: underline;\">one problem area<\/span>, in their own environment which might have been their school, their village\/town\/city or country.<\/p>\n<p><strong>On the way of training qualified citizens, why is ART important and essential? Do we give the necessary importance to ART in our schools or home? What are the main problems of our school (?) concerning the art education? How can we solve them? How can we create awareness of ART-NECESSITY for TQPs among the school partners like teachers, parents and other community members? We will take PDCA Mindset steps as we used to do. We will implement activities of art and will share everything on our web pages or Blogs. <\/strong><\/p>\n<p><span style=\"text-decoration: underline;\">What kinds of branches are included in \u201cArt\u201d?<\/span><\/p>\n<ol>\n<li>All of the two-dimensional studies like; all kinds of drawings on paper, material or wall, poster, graphics, caricature, photograph, batik, ornamenting, etc.<\/li>\n<li>Three-dimensional arts like; sculpture, ceramic, relief, etc.<\/li>\n<li>Landscape architecture for gardens or rooms.<\/li>\n<li>Literature (Novel, short-story, poetry, essay writing, scenario, film or drama manuscripts, etc.<\/li>\n<li>Music (All kinds)<\/li>\n<li>Performance Arts: Ballet, folk dances, dance, pantomime, etc<\/li>\n<li>Dramatic arts: Drama, opera, musical play, puppet show, cinema,<\/li>\n<\/ol>\n<h5 align=\"LEFT\"><b>\u0130MECE CIRCLES :<br \/>\n<\/b>Tekirda\u011f \u00c7orlu-Velime\u015f \u00a0Primary School, Preschool Class : SQC Butterflies (5 years oldies)<\/h5>\n<h5 align=\"LEFT\">\u00a0Burdur Bah\u00e7elievler \u00a0Primary School<\/h5>\n<h5>\u0130zmir Kemalpa\u015fa Primary School<\/h5>\n<h5>\u00c7orlu Velime\u015fe Primary School (3 Projects)<\/h5>\n<h5>Antakya Bedii Sabuncu Primary School<\/h5>\n<h5>\u0130zmir I\u015f\u0131kkent Primary School<\/h5>\n<h5>A\u011fr\u0131 Diyadin Boarding Primary School<\/h5>\n<h5>\u00a0Mu\u011fla Turgut Reis Anatolian High School (3 Projects)<\/h5>\n<h5>Private \u00a0Irmak \u00a0High School<\/h5>\n<h5>Sar\u0131yer, Vehbi Ko\u00e7 Foundation High School (2 Projects)<\/h5>\n<h5>Mu\u011fla University, Faculty of Education, Physics Department<\/h5>\n<h5>An NGO: TOFD (Spinal Cord Paralytics Association of Turkey<\/h5>\n<h5>Out of 7 projects, only 3 could finalize their projects:\u00a01. \u00a0City Montessori School, Lucknow, India (CMS)(2 projects), 2. LAHS<\/h5>\n<h5>Those projects are in CDs. If you are interested in them, ask from us and we will send it to you. The above picture shows the city coordinators of the ICT Seagulls Project. I am thankful to them.<\/h5>\n<p>Hayal K\u00d6KSAL<\/p>\n","protected":false},"excerpt":{"rendered":"<p>The ICT Seagulls project started its 7th year with the emphasis on ARTS. According to the quality-based philosophy of the Project, every team, finalizing all the steps properly, was a \u201cwinner\u201d. One of our targets was keeping web sites and blogs alive even after the announcement of results in addition to following the rules and [&hellip;]<\/p>\n","protected":false},"author":1,"featured_media":0,"parent":16,"menu_order":240,"comment_status":"closed","ping_status":"closed","template":"","meta":{"footnotes":""},"class_list":["post-42","page","type-page","status-publish","hentry"],"_links":{"self":[{"href":"https:\/\/bilisimcimartilar.com\/english\/wp-json\/wp\/v2\/pages\/42","targetHints":{"allow":["GET"]}}],"collection":[{"href":"https:\/\/bilisimcimartilar.com\/english\/wp-json\/wp\/v2\/pages"}],"about":[{"href":"https:\/\/bilisimcimartilar.com\/english\/wp-json\/wp\/v2\/types\/page"}],"author":[{"embeddable":true,"href":"https:\/\/bilisimcimartilar.com\/english\/wp-json\/wp\/v2\/users\/1"}],"replies":[{"embeddable":true,"href":"https:\/\/bilisimcimartilar.com\/english\/wp-json\/wp\/v2\/comments?post=42"}],"version-history":[{"count":4,"href":"https:\/\/bilisimcimartilar.com\/english\/wp-json\/wp\/v2\/pages\/42\/revisions"}],"predecessor-version":[{"id":417,"href":"https:\/\/bilisimcimartilar.com\/english\/wp-json\/wp\/v2\/pages\/42\/revisions\/417"}],"up":[{"embeddable":true,"href":"https:\/\/bilisimcimartilar.com\/english\/wp-json\/wp\/v2\/pages\/16"}],"wp:attachment":[{"href":"https:\/\/bilisimcimartilar.com\/english\/wp-json\/wp\/v2\/media?parent=42"}],"curies":[{"name":"wp","href":"https:\/\/api.w.org\/{rel}","templated":true}]}}