{"id":442,"date":"2015-10-06T17:37:20","date_gmt":"2015-10-06T14:37:20","guid":{"rendered":"https:\/\/bilisimcimartilar.com\/english\/?page_id=442"},"modified":"2023-08-17T17:00:30","modified_gmt":"2023-08-17T14:00:30","slug":"2016-projects","status":"publish","type":"page","link":"https:\/\/bilisimcimartilar.com\/english\/projects\/2016-projects\/","title":{"rendered":"2016 Projects"},"content":{"rendered":"<ol start=\"13\">\n<li><strong>INTERNATIONAL ICT SEAGULLS &amp; 3. LEADING SEAGULLS PROJECTS<\/strong><\/li>\n<li>We congratulate all the teams.<\/li>\n<\/ol>\n<p><strong>THE BEST HIGH SCHOOL PROJECTS:<\/strong><\/p>\n<ol>\n<li><strong><span style=\"color: #ff0000;\">Galatasaray High School<\/span>: <\/strong>GS Seagulls: Thinking like Atat\u00fcrk\/ Peace at Home, Peace in the World <a href=\"http:\/\/gsmartilari.wordpress.com\/\">http:\/\/gsmartilari.wordpress.com<\/a><\/li>\n<li>Hac\u0131 Sabanc\u0131 Anatolian High School: #HASHTAG: Prejudice\u00a0 (2. Year) <a href=\"http:\/\/stigmaprojesi.blogspot.com.tr\/\">http:\/\/stigmaprojesi.blogspot.com.tr<\/a><\/li>\n<li>Beykent Do\u011fa Anatolian High School: ETHICAL VALUES: <a href=\"http:\/\/taylanpurhan14.wixsite.com\/ethicalproject\/proje-sunumu-project-presentation\">http:\/\/taylanpurhan14.wixsite.com\/ethicalproject\/proje-sunumu-project-presentation<\/a><\/li>\n<\/ol>\n<p>THE BEST PROMARY SCHOOL PROJECT:<\/p>\n<ol>\n<li>City Montessori School, Kanpur Road, Lucknow, India: SQC Proactive <a href=\"http:\/\/www.slideshare.net\/HayalKoksal\/2016-ict-seagullscms-sqc-proactive\/HayalKoksal\/2016-ict-seagullscms-sqc-proactive\">http:\/\/www.slideshare.net\/HayalKoksal\/2016-ict-seagullscms-sqc-proactive\/HayalKoksal\/2016-ict-seagullscms-sqc-proactive<\/a><\/li>\n<\/ol>\n<p>INTERNATIONAL ICT LEADING SEAGULLS PROJECTS\/BO\u011eAZ\u0130\u00c7\u0130 UNIVERSITY, FACULTY of EDUCATION:<\/p>\n<ol>\n<li><span style=\"color: #ff0000;\">FLEDDABLES:<\/span> Teachers fail promoting Quality<\/li>\n<\/ol>\n<p>\u0130lknur Nurten, Bet\u00fcl G\u00fcnayd\u0131n, B\u00fc\u015fra Bozkurt, Fehime M\u00fctevelli, Cem \u015eencan <a href=\"http:\/\/www.slideshare.net\/HayalKoksal\/2016-leading-seagulls-23-fleddables\">http:\/\/www.slideshare.net\/HayalKoksal\/2016-leading-seagulls-23-fleddables<\/a><\/p>\n<ol>\n<li>RAINBOW CARE: Balancing Care and Discipline<\/li>\n<li>Asl\u0131 \u015eahin, Binnur \u00c7etin, Tu\u011fba \u00d6zt\u00fcrk, Feyza Nur Gemici<\/li>\n<\/ol>\n<p><a href=\"http:\/\/www.slideshare.net\/HayalKoksal\/2016-leading-seagulls-21-rainbow-63422288\">http:\/\/www.slideshare.net\/HayalKoksal\/2016-leading-seagulls-21-rainbow-63422288<\/a><\/p>\n<ol>\n<li>ICEBREAKERS: Why do students hesitate to share their problems with their teachers? Emrah \u00d6zi\u00e7, R\u00fcveyda Yavuz, Bu\u011f\u00e7e B\u00fc\u00e7k\u00fcn, Z. Merve Demirel, B\u00fc\u015fra Kutlu<\/li>\n<\/ol>\n<p><a href=\"http:\/\/www.slideshare.net\/HayalKoksal\/2016-leading-seagulls-20-icebreakers-63422210\">http:\/\/www.slideshare.net\/HayalKoksal\/2016-leading-seagulls-20-icebreakers-63422210<\/a><\/p>\n<ol>\n<li>SMILING FACES: Why cannot good Classroom management be provided in Turkey? Burcu Solak, Burcu U\u00e7ar, Duygu G\u00fcrel, El\u00e7in Kulaks\u0131z, Gizem Yakut, M. Esra Co\u015fkun<\/li>\n<\/ol>\n<p><a href=\"http:\/\/www.slideshare.net\/HayalKoksal\/2016-leading-seagulls-11-smiling-faces\">http:\/\/www.slideshare.net\/HayalKoksal\/2016-leading-seagulls-11-smiling-faces<\/a><\/p>\n<ol>\n<li>TEACHER CANDY DATES: Increasing Motivation through Innovation<\/li>\n<\/ol>\n<p>\u015eule B.A\u015f\u0131ko\u011flu, Pelin Ayd\u0131n, Asuman Gez, Merve \u00d6z\u00e7elik, Atilla Kocabalc\u0131o\u011flu<\/p>\n<p><a href=\"http:\/\/www.slideshare.net\/HayalKoksal\/2016-leading-seagulls-7-teacher-candy-dates\">http:\/\/www.slideshare.net\/HayalKoksal\/2016-leading-seagulls-7-teacher-candy-dates<\/a><\/p>\n<p><strong>Dr. Hayal K\u00d6KSAL<\/strong><\/p>\n","protected":false},"excerpt":{"rendered":"<p>INTERNATIONAL ICT SEAGULLS &amp; 3. LEADING SEAGULLS PROJECTS We congratulate all the teams. THE BEST HIGH SCHOOL PROJECTS: Galatasaray High School: GS Seagulls: Thinking like Atat\u00fcrk\/ Peace at Home, Peace in the World http:\/\/gsmartilari.wordpress.com Hac\u0131 Sabanc\u0131 Anatolian High School: #HASHTAG: Prejudice\u00a0 (2. Year) http:\/\/stigmaprojesi.blogspot.com.tr Beykent Do\u011fa Anatolian High School: ETHICAL VALUES: http:\/\/taylanpurhan14.wixsite.com\/ethicalproject\/proje-sunumu-project-presentation THE BEST PROMARY [&hellip;]<\/p>\n","protected":false},"author":1,"featured_media":0,"parent":16,"menu_order":0,"comment_status":"open","ping_status":"closed","template":"","meta":{"footnotes":""},"class_list":["post-442","page","type-page","status-publish","hentry"],"_links":{"self":[{"href":"https:\/\/bilisimcimartilar.com\/english\/wp-json\/wp\/v2\/pages\/442","targetHints":{"allow":["GET"]}}],"collection":[{"href":"https:\/\/bilisimcimartilar.com\/english\/wp-json\/wp\/v2\/pages"}],"about":[{"href":"https:\/\/bilisimcimartilar.com\/english\/wp-json\/wp\/v2\/types\/page"}],"author":[{"embeddable":true,"href":"https:\/\/bilisimcimartilar.com\/english\/wp-json\/wp\/v2\/users\/1"}],"replies":[{"embeddable":true,"href":"https:\/\/bilisimcimartilar.com\/english\/wp-json\/wp\/v2\/comments?post=442"}],"version-history":[{"count":5,"href":"https:\/\/bilisimcimartilar.com\/english\/wp-json\/wp\/v2\/pages\/442\/revisions"}],"predecessor-version":[{"id":674,"href":"https:\/\/bilisimcimartilar.com\/english\/wp-json\/wp\/v2\/pages\/442\/revisions\/674"}],"up":[{"embeddable":true,"href":"https:\/\/bilisimcimartilar.com\/english\/wp-json\/wp\/v2\/pages\/16"}],"wp:attachment":[{"href":"https:\/\/bilisimcimartilar.com\/english\/wp-json\/wp\/v2\/media?parent=442"}],"curies":[{"name":"wp","href":"https:\/\/api.w.org\/{rel}","templated":true}]}}