{"id":45,"date":"2014-02-23T17:01:00","date_gmt":"2014-02-23T15:01:00","guid":{"rendered":"http:\/\/www.konverjans.com\/test\/bilisimcimartilar\/?page_id=45"},"modified":"2015-01-11T20:36:24","modified_gmt":"2015-01-11T20:36:24","slug":"2009-projects","status":"publish","type":"page","link":"https:\/\/bilisimcimartilar.com\/english\/projects\/2009-projects\/","title":{"rendered":"2009 Projects"},"content":{"rendered":"<table width=\"650\" border=\"1\">\n<tbody>\n<tr>\n<td width=\"98\"><strong>PROJECTCODE<\/strong><\/td>\n<td width=\"114\"><strong>SCHOOL NAME<\/strong><\/td>\n<td width=\"155\"><strong>PROJECT NAME &amp; CIRCLE NAME<\/strong><\/td>\n<td width=\"389\"><strong>SHARING MODE &amp; WEB\/BLOG ADDRESS<\/strong><\/td>\n<td width=\"102\"><strong>AWARD<\/strong><\/td>\n<\/tr>\n<tr>\n<td width=\"98\"><strong>\u00a0<\/strong><\/td>\n<td width=\"114\"><strong>\u0130LK\u00d6\u011eRET\u0130M OKULLARI ELEMENTARY-SECONDARY SCHOOLS\u00a0 (1-8 GRADERS)<\/strong><\/td>\n<td width=\"155\"><strong>\u00a0<\/strong><\/td>\n<td width=\"389\"><strong>\u00a0<\/strong><\/td>\n<td width=\"102\"><strong>\u00a0<\/strong><\/td>\n<\/tr>\n<tr>\n<td width=\"98\"><strong>E_BUR_1<\/strong><\/td>\n<td width=\"114\"><strong>Burdur Bah\u00e7elievler \u0130\u00d6OBurdur Bah\u00e7elievler \u0130\u00d6O Arma\u011fan \u0130lci Mah., Y.Emre Cad. <\/strong><strong>\u00a0<\/strong><\/td>\n<td width=\"155\"><strong>SOSYAL FAAL\u0130YETLER\u0130N BA\u015eARIYA OLUMLU ETK\u0130LER\u0130\u00a0<\/strong><strong>The positive effects of Social Activities to the Achievement Rate of the students<\/strong><\/td>\n<td width=\"389\"><strong>Ppt, Blog, Drama, Art, Kolaj, PosterM\u00fczik ve Dans<\/strong><strong>\u00a0<\/strong><\/p>\n<p><strong><a href=\"http:\/\/www.bahcelisosyalfaaliyet.blogcu.com\/\">http:\/\/www.bahcelisosyalfaaliyet.blogcu.com<\/a><\/strong><\/td>\n<td width=\"102\"><strong>THE BEST OF THE TURKISH ELEM. SCHOOLS<\/strong><\/td>\n<\/tr>\n<tr>\n<td width=\"98\"><strong>E_BUR_2<\/strong><\/td>\n<td width=\"114\"><strong>Burdur Bah\u00e7elievler \u0130\u00d6O\u00a0<\/strong><\/td>\n<td width=\"155\"><strong>T\u00dcRK\u00c7EM\u0130ZE SAH\u0130P \u00c7IKALIM VE KORUYALIM\u00a0<\/strong><strong>Let\u2019s own and preserve our Mother Tongue_Turkish<\/strong><\/td>\n<td width=\"389\"><strong>Ppt, Blog, Drama, Art, Kolaj, PosterM\u00fczik ve Dans<\/strong><strong>\u00a0<\/strong><\/p>\n<p><strong><a href=\"http:\/\/www.bahceliturkcemiz.blogcu.com\/\">http:\/\/www.bahceliturkcemiz.blogcu.com<\/a><\/strong><\/p>\n<p><strong>\u00a0<\/strong><\/td>\n<td width=\"102\"><strong>THE MOST DEDICATED\u00a0 TEAM FOR TURKISH LANGUAGE<\/strong><\/td>\n<\/tr>\n<tr>\n<td width=\"98\"><strong>E_BUR_3<\/strong><\/td>\n<td width=\"114\"><strong>Burdur Bah\u00e7elievler \u0130\u00d6O\u00a0<\/strong><\/td>\n<td width=\"155\"><strong>TEM\u0130Z B\u0130R \u00c7EVRE: ATIKLARIN D\u00d6N\u00dc\u015e\u00dcME KAZANDIRILMASI\u00a0<\/strong><strong>A Clean Environment!<\/strong><\/td>\n<td width=\"389\"><strong>Ppt, Blog, Drama, Art, Kolaj, PosterM\u00fczik ve Dans<\/strong><strong>\u00a0<\/strong><\/p>\n<p><strong><a href=\"http:\/\/bahceligeridonusum.blogcu.com\/\">http:\/\/bahceligeridonusum.blogcu.com<\/a> <\/strong><\/p>\n<p><strong>\u00a0<\/strong><\/td>\n<td width=\"102\"><strong>THE SECOND BEST OF THE TURKISH ELEM. SCHOOLS<\/strong><\/td>\n<\/tr>\n<tr>\n<td width=\"98\"><strong>E_MU_4<\/strong><\/td>\n<td width=\"114\"><strong>7. Mu\u011fla Merkez Emir Beyaz\u0131t \u0130\u00d6O<\/strong><\/td>\n<td width=\"155\"><strong>\u015eIMARIK \u00c7OCUKLAR (Huzurlu bir ya\u015fam s\u00fcrmek i\u00e7in gelecek nesillerin sevimli ve sorumlu olmas\u0131n\u0131 sa\u011flamak)\u00a0<\/strong><strong>SPOILT CHILDREN<\/strong><\/p>\n<p><strong>\u00a0<\/strong><\/td>\n<td width=\"389\"><strong>Blog, Drama\u00a0<\/strong><strong><a href=\"http:\/\/yaramazcocuklar.blogcu.com\/\">http:\/\/yaramazcocuklar.blogcu.com<\/a><\/strong><\/td>\n<td width=\"102\"><strong>THE THIRD BEST OF THE TURKISH ELEM. SCHOOLS <\/strong><\/td>\n<\/tr>\n<tr>\n<td width=\"98\"><strong>E-A\u011eRI_5\u00a0<\/strong><\/td>\n<td width=\"114\"><strong>A\u011fr\u0131-Diyadin Yat\u0131l\u0131 \u0130lk\u00f6\u011fretim B\u00f6lge Okulu\u00a0<\/strong><\/td>\n<td width=\"155\"><strong>ATAT\u00dcRK\u00c7E BAKI\u015e PROJES\u0130\u00a0<\/strong><strong>ATAT\u00dcRK PROJECT<\/strong><\/td>\n<td width=\"389\"><strong>Poster, Kolaj, Drama, Ppt CD (NO PEER-ASSESSMENT)<\/strong><strong><a href=\"http:\/\/www.bilisimcimartilar.com\/arsiv\/projects\/Ataturkcebakis.ppt\">http:\/\/www.bilisimcimartilar.com\/arsiv\/projects\/Ataturkcebakis.ppt<\/a> <\/strong><\/td>\n<td width=\"102\"><strong>SPECIAL \u201cPROF.DR. \u00dcM\u0130T SERDARO\u011eLU\u201d AWARD<\/strong><\/td>\n<\/tr>\n<tr>\n<td width=\"98\"><strong>\u00a0<\/strong><\/td>\n<td width=\"114\"><strong>NGO \/ TEGV<\/strong><\/td>\n<td width=\"155\"><strong>\u00a0<\/strong><\/td>\n<td width=\"389\"><strong>\u00a0<\/strong><\/td>\n<td width=\"102\"><strong><span style=\"text-decoration: underline;\">\u00a0<\/span><\/strong><\/td>\n<\/tr>\n<tr>\n<td width=\"98\"><strong>E_EG_6<\/strong><\/td>\n<td width=\"114\"><strong>Educational Volunteers -1 (TEGV)<\/strong><\/td>\n<td width=\"155\"><strong>K\u0130TAP OKU, KEND\u0130N\u0130 KORUAz kitap okuma sorunu<\/strong><strong>\u00a0The problem of not reading books.<\/strong><\/td>\n<td width=\"389\"><strong>Web, ppt\u00a0<\/strong><strong><a href=\"http:\/\/www.tegvportal.org\/bilisimcimartilar\/2009.htm\">http:\/\/www.tegvportal.org\/bilisimcimartilar\/2009.htm<\/a><\/strong><\/p>\n<p><strong>\u00a0<\/strong><\/td>\n<td width=\"102\"><strong>THE BEST NGO TEAM <\/strong><\/td>\n<\/tr>\n<tr>\n<td width=\"98\"><strong>E_EG_7<\/strong><\/td>\n<td width=\"114\"><strong>Educational Volunteers -2 (TEGV)VAN E\u011e\u0130T\u0130M B\u0130R\u0130M\u0130<\/strong><\/td>\n<td width=\"155\"><strong>At\u0131k Malzemelerin sanata d\u00f6n\u00fc\u015ft\u00fcr\u00fclmesi\u00a0<\/strong><strong>Garbage into Art!<\/strong><\/td>\n<td width=\"389\"><strong>Webppt<\/strong><strong><a href=\"http:\/\/www.tegvportal.org\/bilisimcimartilar\/2009.htm\">http:\/\/www.tegvportal.org\/bilisimcimartilar\/2009.htm<\/a><\/strong><\/td>\n<td width=\"102\"><strong>THE MOST CREATIVE CHAMPION TEAM OF NGOs<\/strong><\/td>\n<\/tr>\n<tr>\n<td width=\"98\"><strong>E_EG_8<\/strong><\/td>\n<td width=\"114\"><strong>Educational Volunteers -3 (TEGV)VAN E\u011e\u0130T\u0130M B\u0130R\u0130M\u0130 <\/strong><\/td>\n<td width=\"155\"><strong>Aile Planlamas\u0131\u00a0<\/strong><strong>Birth Control<\/strong><\/td>\n<td width=\"389\"><strong>Webppt<\/strong><strong>\u00a0<\/strong><\/p>\n<p><strong><a href=\"http:\/\/www.tegvportal.org\/bilisimcimartilar\/2009.htm\">http:\/\/www.tegvportal.org\/bilisimcimartilar\/2009.htm<\/a><\/strong><\/td>\n<td width=\"102\"><strong>THE SECOND BEST TEAM of NGOs<\/strong><\/td>\n<\/tr>\n<tr>\n<td width=\"98\"><strong>\u00a0<\/strong><\/td>\n<td width=\"114\"><strong>OVERSEAS PROJECTS\u00a0<\/strong><\/td>\n<td width=\"155\"><strong>\u00a0<\/strong><\/td>\n<td width=\"389\"><strong>\u00a0<\/strong><\/td>\n<td width=\"102\"><strong><span style=\"text-decoration: underline;\">\u00a0<\/span><\/strong><\/td>\n<\/tr>\n<tr>\n<td width=\"98\"><strong>E_IP_9<\/strong><\/td>\n<td width=\"114\"><strong>Little Angels High School, Gwalior, IndiaLittle Angels High School Mahadji Nagar, Shivpuri Link Road, Gwalior <\/strong><strong>ENGELL\u0130 PROJES\u0130 \/ PROJECT for CHALLENGED STUDENTS <\/strong><\/p>\n<p><strong>\u00a0<\/strong><\/td>\n<td width=\"155\"><strong>Discovering Abilities: Discovering abilities in people with dis-abilities!\u00a0<\/strong><strong>Yeteneklerin Ke\u015ffi: Engelli \u00f6\u011frencilerin i\u00e7indeki yeteneklerin ke\u015ffedilmesi&#8230;<\/strong><\/p>\n<p><strong>\u00a0<\/strong><\/p>\n<p><strong>\u00a0<\/strong><\/td>\n<td width=\"389\"><strong>Web , Blog, Case st. PresentationCollage<\/strong><strong>\u00a0<\/strong><\/p>\n<p><strong><a href=\"http:\/\/discoveringability.blogspot.com\/\">http:\/\/discoveringability.blogspot.com\/<\/a><\/strong><\/td>\n<td width=\"102\"><strong>THE CHAMPION ICT SEAGULL TEAM OF 2009<\/strong><strong>THE BEST OVERSEAS PROJECT<\/strong><\/td>\n<\/tr>\n<tr>\n<td width=\"98\"><strong>E_IP_10<\/strong><\/td>\n<td width=\"114\"><strong>City Montessory School (CMS), Lucknow, India \u2013 1Blog<\/strong><strong>Sector D, LDA Colony, Kanpur Road, Lucknow<\/strong><\/p>\n<p><strong>ENGELL\u0130 PROJES\u0130 \/ CHALLENGED STUDENTS PROJECT<\/strong><\/td>\n<td width=\"155\"><strong>How to safeguard Unity of Mankind?To promote Quality of Peace, Unity and Human Rights for All.<\/strong>&nbsp;<\/p>\n<p><strong>\u0130NSANO\u011eLUNUN B\u0130RL\u0130K VE BERABERL\u0130\u011e\u0130N\u0130 KORUMA<\/strong><\/p>\n<p><strong>\u00a0<\/strong><\/td>\n<td width=\"389\"><strong>\u00a0Ppt\u00a0<\/strong><strong><a href=\"http:\/\/www.scribd.com\/share\/upload\/11779133\/11dggicb2u46bvmxcdg1\">http:\/\/www.scribd.com\/share\/upload\/11779133\/11dggicb2u46bvmxcdg1<\/a><\/strong><\/td>\n<td width=\"102\"><strong>THE BEST PEACE-FOCUSED OVERSEAS PROJECT \u00a0<\/strong><\/td>\n<\/tr>\n<tr>\n<td width=\"98\"><strong>E_IP_11<\/strong><\/td>\n<td width=\"114\"><strong>City Montessory School (CMS), Lucknow, India -2ENGELL\u0130 HALKASI \/ CHALLENGED STUDENTS\u2019 PROJECT<\/strong><\/td>\n<td width=\"155\"><strong>SQC ROAD MAP: Environmental PollutionSave Environment towards a Safe Future<\/strong><strong>\u00c7evre Kirlili\u011fi<\/strong><\/p>\n<p><strong>\u00a0<\/strong><\/td>\n<td width=\"389\"><strong>Ppt\u00a0<\/strong><strong>\u00a0<\/strong><\/p>\n<p><strong><a href=\"http:\/\/www.scribd.com\/share\/upload\/11778253\/257ke8ni3xwc3vs1tl1y\">http:\/\/www.scribd.com\/share\/upload\/11778253\/257ke8ni3xwc3vs1tl1y<\/a><\/strong><\/p>\n<p><strong>\u00a0<\/strong><\/td>\n<td width=\"102\"><strong>THE BEST ENVIRO-FOCUSED OVERSEAS PROJECT<\/strong><\/td>\n<\/tr>\n<tr>\n<td width=\"98\"><strong>\u00a0<\/strong><\/td>\n<td width=\"114\"><strong>L\u0130SELER \/ HIGH SCHOOLS\u00a0 (9-12 Graders)<\/strong><\/td>\n<td width=\"155\"><strong>\u00a0<\/strong><\/td>\n<td width=\"389\"><strong>\u00a0<\/strong><\/td>\n<td width=\"102\"><strong><span style=\"text-decoration: underline;\">\u00a0<\/span><\/strong><\/td>\n<\/tr>\n<tr>\n<td width=\"98\"><strong>HS_S\u0130_1<\/strong><\/td>\n<td width=\"114\"><strong>Sivas AKML &amp; KML<\/strong><\/td>\n<td width=\"155\"><strong>GELECE\u011e\u0130M\u0130 \u0130ST\u0130YORUM:Meslek lisesi mezunlar\u0131n\u0131n istihdam sorunuI WANT MY FUTURE: The recruitment problems of the vocational schools\u2019 graduates<\/strong><\/td>\n<td width=\"389\"><strong>Blog, Web, Sanatsal sunum\u00a0\u00a0<\/strong><strong><a href=\"http:\/\/www.gelecegimiistiyorum.com\/\">http:\/\/www.gelecegimiistiyorum.com<\/a><\/strong><\/td>\n<td width=\"102\"><strong>THE CHAMPION SEAGULL TEAM OF HIGH SCHOOLS&amp; THE BEST\u00a0 PROJECT TOPIC\u00a0 OF THE YEAR<\/strong><\/td>\n<\/tr>\n<tr>\n<td width=\"98\"><strong>HS_MU_2<\/strong><\/td>\n<td width=\"114\"><strong>Mu\u011fla Turgut Reis Lisesi <\/strong><\/td>\n<td width=\"155\"><strong>EVSEL ATIK YA\u011eLAR\u00a0<\/strong><strong>ENVIRO PROJECT ABOUT WASTED OILS USED AT HOUSES<\/strong><\/td>\n<td width=\"389\"><strong>Blog\u00a0 &amp;\u00a0 web \u00a0<\/strong><strong><a href=\"http:\/\/www.mtrlgelecegingunesleri.com\/\">http:\/\/www.mtrlgelecegingunesleri.com<\/a><\/strong><\/td>\n<td width=\"102\"><strong>THE \u00a0BEST ENVIRO-FOCUSED\u00a0 HIGH SCHOOL TEAM&amp;<\/strong><strong>THE SECOND BEST HIGH SCHOOL PROJECT<\/strong><\/td>\n<\/tr>\n<tr>\n<td width=\"98\"><strong>HS_MU_3<\/strong><\/td>\n<td width=\"114\"><strong>Mu\u011fla Turgut Reis Lisesi <\/strong><\/td>\n<td width=\"155\"><strong>\u0130NSAN \u0130L\u0130\u015eK\u0130LER\u0130: E\u011fitim-Veli duyars\u0131zl\u0131\u011f\u0131\u00a0<\/strong><strong>HUMAN RELATIONS (School-Parent communication problems)<\/strong><\/td>\n<td width=\"389\"><strong>Web, Blog, ppt, Drama\u00a0<\/strong><strong><br \/>\n<a href=\"http:\/\/www.halilurganci.com\/gencbakis\">www.halilurganci.com\/gencbakis<\/a><\/strong><\/td>\n<td width=\"102\"><strong>THE BEST HR_FOCUSED SEAGULLS TEAM<\/strong><\/td>\n<\/tr>\n<tr>\n<td width=\"98\"><strong>HS_MU_4<\/strong><\/td>\n<td width=\"114\"><strong>Mu\u011fla Turgut Reis Lisesi\u00a0<\/strong>&nbsp;<\/td>\n<td width=\"155\"><strong>SOSYAL YA\u015eAMIMIZI ETK\u0130LEYEN OLUMSUZ FAKT\u00d6RLER: Cep telefonu kullan\u0131m\u0131MIS USING CELLULARS<\/strong><\/td>\n<td width=\"389\"><strong>Web- Blog, Drama, ppt, Sanatsal sunum \u00a0<\/strong><strong>\u00a0<\/strong><\/p>\n<p><strong><a href=\"http:\/\/www.halilurganci.com\/pinkodu\">www.halilurganci.com\/pinkodu<\/a><\/strong><\/p>\n<p><strong>\u00a0<\/strong><\/td>\n<td width=\"102\"><strong>THE \u00a0MOST HEALTH-FOCUSED HIGH SCHOOL TEAM &amp;<\/strong><strong>THE THIRD BEST HIGH SCHOOL PROJECT<\/strong><\/td>\n<\/tr>\n<tr>\n<td width=\"98\"><strong>HS_MU_5<\/strong><\/td>\n<td width=\"114\"><strong>Mu\u011fla Turgut Reis Lisesi\u00a0<\/strong><strong>\u00a0<\/strong><\/td>\n<td width=\"155\"><strong>\u00d6\u011eRENC\u0130LER\u0130N BA\u015eARISIZLIK NEDENLER\u0130: Okulumuzun ba\u015far\u0131 d\u00fczeyini artt\u0131rmak REASONS OF FAILURE AT SCHOOL<\/strong><\/td>\n<td width=\"389\"><strong>Web Blog, ppt, Drama\u00a0<\/strong><strong><a href=\"http:\/\/www.halilurganci.com\/viravira\">www.halilurganci.com\/viravira<\/a><\/strong><\/p>\n<p><strong>\u00a0<\/strong><\/td>\n<td width=\"102\"><strong>THE MOST DEDICATED HIGH SCHOOL TEAM <\/strong><\/td>\n<\/tr>\n<tr>\n<td width=\"98\"><strong>HS_MU_6<\/strong><\/td>\n<td width=\"114\"><strong>Mu\u011fla Turgut Reis Lisesi\u00a0<\/strong><strong>\u00a0<\/strong><\/td>\n<td width=\"155\"><strong>FEN DERSLER\u0130N\u0130N BA\u015eARISIZLI\u011eINI \u00c7\u00d6Z\u00dcMLEMEK VE \u0130Y\u0130LE\u015eT\u0130RMEKFAILURE AT SCIENCE COURSES<\/strong><strong>\u00a0<\/strong><\/td>\n<td width=\"389\"><strong>Web, Blog, ppt, Sanatsal Sunum\u00a0<\/strong><strong><a href=\"http:\/\/www.halilurganci.com\/ansiklopedikgencler\">www.halilurganci.com\/ansiklopedikgencler<\/a><\/strong><\/td>\n<td width=\"102\"><strong>THE BEST ANALYST HIGH SCHOOL TEAM <\/strong><\/td>\n<\/tr>\n<tr>\n<td width=\"98\"><strong>HS_MUT_7<\/strong><\/td>\n<td width=\"114\"><strong>Mu\u011fla Anadolu Teknik, Teknik Lise &amp;EML <\/strong><\/td>\n<td width=\"155\"><strong>E\u011e\u0130T\u0130MDE DRAMANIN ROL\u00dcE\u011fitimi e\u011flenceli hale getirerek \u00f6\u011frenmeyi sevdirmek.<\/strong><strong>\u00a0<\/strong><\/p>\n<p><strong>THE ROLE of DRAMA in EDUCATION <\/strong><\/td>\n<td width=\"389\"><strong>Drama , Blog, Sanatsal sunum \u00a0<\/strong><strong><a href=\"http:\/\/hayalkus.blogcu.com\/\">http:\/\/hayalkus.blogcu.com<\/a><\/strong><\/td>\n<td width=\"102\"><strong>THE MOST ENTHUSIASTIC HIGH SCHOOL TEAM <\/strong><\/td>\n<\/tr>\n<tr>\n<td width=\"98\"><strong>HS_TEV_8<\/strong><\/td>\n<td width=\"114\"><strong>T\u00fcrk E\u011fitim Vakf\u0131 \u0130nan\u00e7 T\u00fcrke\u015f \u00d6zel Lisesi <\/strong><\/td>\n<td width=\"155\"><strong>D\u00fc\u015e PENCERES\u0130\u00a0<\/strong><strong>SCHOOL IMPROVEMENT PROJECT<\/strong><\/td>\n<td width=\"389\"><strong>Blog \u00a0<\/strong><strong>\u00a0<\/strong><\/p>\n<p><strong><a href=\"http:\/\/tevitolmatruska.blogcu.com\/\">http:\/\/tevitolmatruska.blogcu.com<\/a><\/strong><\/p>\n<p><strong>\u00a0<\/strong><\/td>\n<td width=\"102\"><strong>THE BEST SCHOOL\u00a0 IMPROVEMENT PROJECT <\/strong><\/td>\n<\/tr>\n<\/tbody>\n<\/table>\n","protected":false},"excerpt":{"rendered":"<p>PROJECTCODE SCHOOL NAME PROJECT NAME &amp; CIRCLE NAME SHARING MODE &amp; WEB\/BLOG ADDRESS AWARD \u00a0 \u0130LK\u00d6\u011eRET\u0130M OKULLARI ELEMENTARY-SECONDARY SCHOOLS\u00a0 (1-8 GRADERS) \u00a0 \u00a0 \u00a0 E_BUR_1 Burdur Bah\u00e7elievler \u0130\u00d6OBurdur Bah\u00e7elievler \u0130\u00d6O Arma\u011fan \u0130lci Mah., Y.Emre Cad. \u00a0 SOSYAL FAAL\u0130YETLER\u0130N BA\u015eARIYA OLUMLU ETK\u0130LER\u0130\u00a0The positive effects of Social Activities to the Achievement Rate of the students Ppt, Blog, [&hellip;]<\/p>\n","protected":false},"author":1,"featured_media":0,"parent":16,"menu_order":250,"comment_status":"closed","ping_status":"closed","template":"","meta":{"footnotes":""},"class_list":["post-45","page","type-page","status-publish","hentry"],"_links":{"self":[{"href":"https:\/\/bilisimcimartilar.com\/english\/wp-json\/wp\/v2\/pages\/45","targetHints":{"allow":["GET"]}}],"collection":[{"href":"https:\/\/bilisimcimartilar.com\/english\/wp-json\/wp\/v2\/pages"}],"about":[{"href":"https:\/\/bilisimcimartilar.com\/english\/wp-json\/wp\/v2\/types\/page"}],"author":[{"embeddable":true,"href":"https:\/\/bilisimcimartilar.com\/english\/wp-json\/wp\/v2\/users\/1"}],"replies":[{"embeddable":true,"href":"https:\/\/bilisimcimartilar.com\/english\/wp-json\/wp\/v2\/comments?post=45"}],"version-history":[{"count":3,"href":"https:\/\/bilisimcimartilar.com\/english\/wp-json\/wp\/v2\/pages\/45\/revisions"}],"predecessor-version":[{"id":385,"href":"https:\/\/bilisimcimartilar.com\/english\/wp-json\/wp\/v2\/pages\/45\/revisions\/385"}],"up":[{"embeddable":true,"href":"https:\/\/bilisimcimartilar.com\/english\/wp-json\/wp\/v2\/pages\/16"}],"wp:attachment":[{"href":"https:\/\/bilisimcimartilar.com\/english\/wp-json\/wp\/v2\/media?parent=45"}],"curies":[{"name":"wp","href":"https:\/\/api.w.org\/{rel}","templated":true}]}}