{"id":46,"date":"2014-02-23T17:02:08","date_gmt":"2014-02-23T15:02:08","guid":{"rendered":"http:\/\/www.konverjans.com\/test\/bilisimcimartilar\/?page_id=46"},"modified":"2015-01-11T21:14:00","modified_gmt":"2015-01-11T21:14:00","slug":"2011-projects","status":"publish","type":"page","link":"https:\/\/bilisimcimartilar.com\/english\/projects\/2011-projects\/","title":{"rendered":"2011 Projects"},"content":{"rendered":"<table border=\"1\" width=\"850\">\n<tbody>\n<tr>\n<td width=\"38\"><strong>NO<\/strong><\/td>\n<td width=\"180\"><strong>SCHOOL<\/strong><\/td>\n<td width=\"113\"><strong> CIRCLE NAME <\/strong><\/p>\n<p><strong>\u00a0<\/strong><\/td>\n<td width=\"302\"><strong>PROJECT TITLE, WEB\/BLOG ADDRESS<\/strong><\/td>\n<td width=\"265\"><strong>AWARD<\/strong><\/td>\n<\/tr>\n<tr>\n<td colspan=\"4\" width=\"633\"><strong>\u0130LK\u00d6\u011eRET\u0130M OKULLARI<\/strong><\/p>\n<p><strong>ELEMENTARY SCHOOLS (AGE: 11-14)<\/strong><\/td>\n<td width=\"265\"><strong>\u00a0<\/strong><\/td>\n<\/tr>\n<tr>\n<td width=\"38\"><strong>1<\/strong><\/td>\n<td width=\"180\"><strong>BUDHANILKANTHA SCHOOL, KATHMANDU, NEPAL<\/strong><\/td>\n<td width=\"113\"><strong>CIRCLE ORIENT<\/strong><\/td>\n<td width=\"302\"><strong>ANTI BULLYING CAMPAIGN (PPT)<\/strong><\/p>\n<p><span style=\"text-decoration: underline;\">http:\/\/www.bilisimcimartilar.com\/proje\/ppt\/Destination.ppsx<\/span><\/td>\n<td width=\"265\"><strong>THE BEST INTERNATIONAL ELEMENTARY SCHOOL PROJECT &amp;<\/strong><\/p>\n<p><strong>\u201cTHE PROJECT LEADERSHIP AWARD\u201d to Saurav Khakurel<\/strong><\/p>\n<p><strong>EN \u0130Y\u0130 YABANCI \u0130LK\u00d6\u011eRET\u0130M OKULU PROJES\u0130 ve Saurav\u2019a \u201cYILIN PROJE L\u0130DERL\u0130\u011e\u0130 \u00d6D\u00dcL\u00dc\u201d<\/strong><\/td>\n<\/tr>\n<tr>\n<td width=\"38\"><strong>2<\/strong><\/td>\n<td width=\"180\"><strong>BURDUR BAH\u00c7EL\u0130EVLER \u0130LK\u00d6\u011eRET\u0130M OKULU-1, T\u00dcRK\u0130YE<\/strong><\/td>\n<td width=\"113\"><strong>BARI\u015e \u0130NSANLARI<\/strong><\/td>\n<td width=\"302\"><strong>BARI\u015e BAYRA\u011eI\/PEACE FLAG<\/strong><\/p>\n<p><a href=\"http:\/\/www.bahcelioo.meb.k12.tr\/insan_ilk.htm\">http:\/\/www.bahcelioo.meb.k12.tr\/insan_ilk.htm<\/a><\/td>\n<td width=\"265\"><strong>THE MOST PEACEFUL CIRCLE AWARD<\/strong><\/p>\n<p><strong>EN BARI\u015eSEVER EK\u0130P \u00d6D\u00dcL\u00dc<\/strong><\/td>\n<\/tr>\n<tr>\n<td width=\"38\"><strong>3<\/strong><\/td>\n<td width=\"180\"><strong>BURDUR BAH\u00c7EL\u0130EVLER \u0130LK\u00d6\u011eRET\u0130M OKULU-2, T\u00dcRK\u0130YE<\/strong><\/p>\n<p><strong>\u00a0<\/strong><\/td>\n<td width=\"113\"><strong>D\u00dcNYA SPOR ETRAFINDA D\u00d6N\u00dcYOR<\/strong><\/td>\n<td width=\"302\"><strong>SPOR KONVOYU\/SPORTS CONVOY<\/strong><\/p>\n<p><a href=\"http:\/\/www.bahcelioo.meb.k12.tr\/spor_ilk.htm\">http:\/\/www.bahcelioo.meb.k12.tr\/spor_ilk.htm<\/a><\/p>\n<p><strong>\u00a0<\/strong><\/td>\n<td width=\"265\"><strong>THE SECOND BEST ELEMENTARY SCHOOL PROJECT<\/strong><\/p>\n<p><strong>\u0130K\u0130NC\u0130 EN \u0130Y\u0130 \u0130LK\u00d6\u011eRET\u0130M OKULU PROJES\u0130<\/strong><\/td>\n<\/tr>\n<tr>\n<td width=\"38\"><strong>4<\/strong><\/td>\n<td width=\"180\"><strong>\u0130ZM\u0130R, KEMALPA\u015eA SEK\u0130Z EYL\u00dcL \u0130LK\u00d6\u011eRET\u0130M OKULU-1, T\u00dcRK\u0130YE<\/strong><\/td>\n<td width=\"113\"><strong>CENT\u0130LMEN MARTILAR<\/strong><\/td>\n<td width=\"302\"><strong>BA\u015eARILI SPORCULAR YET\u0130\u015eT\u0130RMEDE CENT\u0130LMENL\u0130K \u00d6NEM\u0130 \/FOR SUCCESSFUL SPORTSMEN: FAIRPLAY<\/strong><\/p>\n<p><a href=\"http:\/\/www.sekizeylulkemalpasa.k12.tr\">http:\/\/www.sekizeylulkemalpasa.k12.tr<\/a><\/td>\n<td width=\"265\"><strong>THE MOST SUCCESSFUL ELEMENTARY SCHOOL PROJECT<\/strong><\/p>\n<p><strong>EN BA\u015eARILI \u0130LK\u00d6\u011eRET\u0130M OKULU PROJES\u0130<\/strong><\/td>\n<\/tr>\n<tr>\n<td width=\"38\"><strong>5<\/strong><\/td>\n<td width=\"180\"><strong>\u0130ZM\u0130R, KEMALPA\u015eA SEK\u0130Z EYL\u00dcL \u0130LK\u00d6\u011eRET\u0130M OKULU-2, T\u00dcRK\u0130YE<\/strong><\/td>\n<td width=\"113\"><strong>SAYGIN MARTILAR<\/strong><\/p>\n<p>&nbsp;<\/td>\n<td width=\"302\"><strong>SAYGIN D\u00dcNYA\/RESPECTFUL WORLD<\/strong><\/p>\n<p><a href=\"http:\/\/www.sekizeylulkemalpasa.k12.tr\">http:\/\/www.sekizeylulkemalpasa.k12.tr<\/a><\/td>\n<td width=\"265\"><strong>THE MOST DIGNIFIED CIRCLE AWARD<\/strong><\/p>\n<p><strong>EN SAYGIN EK\u0130P \u00d6D\u00dcL\u00dc<\/strong><\/td>\n<\/tr>\n<tr>\n<td width=\"38\"><strong>6<\/strong><\/td>\n<td width=\"180\"><strong>TEK\u0130RDA\u011e, \u00c7ORLU VEL\u0130ME\u015eE \u0130LK\u00d6\u011eRET\u0130M OKULU, T\u00dcRK\u0130YE<\/strong><\/td>\n<td width=\"113\"><strong>SAYDIK\u00c7A SAYILAN MARTILAR<\/strong><\/td>\n<td width=\"302\"><strong>SAYGINLIK\/DIGNITY (PPT)<\/strong><\/p>\n<p><span style=\"text-decoration: underline;\"><a href=\"http:\/\/www.bilisimcimartilar.com\/proje\/ppt\/Velimese.zip\">http:\/\/www.bilisimcimartilar.com\/proje\/ppt\/Velimese.zip<\/a><\/span><\/td>\n<td width=\"265\"><strong> \u201cOUTSTANDING PROJECT AWARD\u201d BY THE JURY<\/strong><\/p>\n<p><strong>J\u00dcR\u0130 \u00d6ZEL \u00d6D\u00dcL\u00dc <\/strong><\/td>\n<\/tr>\n<tr>\n<td width=\"38\"><strong>7<\/strong><\/td>\n<td width=\"180\"><strong>\u00dcSK\u00dcDAR ATAT\u00dcRK \u0130.\u00d6.O. ISTANBUL, T\u00dcRK\u0130YE<\/strong><\/td>\n<td width=\"113\"><strong>SANATSEVER MARTILAR<\/strong><\/td>\n<td width=\"302\"><strong>AYDINLIK TOPLUM \u0130\u00c7\u0130N SANAT E\u011e\u0130T\u0130M\u0130 <\/strong><\/p>\n<p><strong>FOR A MODERN COMMUNITY: ARTS EDUCATION<\/strong><\/p>\n<p><a href=\"http:\/\/acilsanat.blogspot.com\/\">http:\/\/acilsanat.blogspot.com\/<\/a><\/td>\n<td width=\"265\"><strong>THE THIRD BEST ELEMENTARY SCHOOL PROJECT<\/strong><\/p>\n<p><strong>\u00dc\u00c7\u00dcNC\u00dc EN \u0130Y\u0130 \u0130LK\u00d6\u011eRET\u0130M OKULU PROJES\u0130<\/strong><\/td>\n<\/tr>\n<tr>\n<td colspan=\"4\" width=\"633\"><strong>L\u0130SELER \/<\/strong><\/p>\n<p><strong>HIGH SCHOOLS (AGE: 15-17)<\/strong><\/td>\n<td width=\"265\"><strong>\u00a0<\/strong><\/td>\n<\/tr>\n<tr>\n<td width=\"38\"><strong>1<\/strong><\/td>\n<td width=\"180\"><strong>TSHWANE MUSLIM SCHOOL, LAUDIUM, SA<\/strong><\/p>\n<p><strong>\u00a0<\/strong><\/td>\n<td width=\"113\"><strong>SQC: HELP<\/strong><\/td>\n<td width=\"302\"><strong>HELP (HELP ERADICATE SCHOOL POVERTY)<\/strong><\/p>\n<p><strong>OKULDAK\u0130 YOKSULLU\u011eU YOK ETME DESTE\u011e\u0130<\/strong><\/p>\n<p><a href=\"http:\/\/helperadicatelocalpoverty-help.blogspot.com\/\">http:\/\/helperadicatelocalpoverty-help.blogspot.com\/<\/a><\/td>\n<td width=\"265\"><strong>THE BEST INTERNATIONAL HIGH SCHOOL<\/strong><strong> PROJECT<\/strong><\/p>\n<p><strong>EN BA\u015eARILI YABANCI L\u0130SE PROJES\u0130 <\/strong><\/td>\n<\/tr>\n<tr>\n<td width=\"38\"><strong>2<\/strong><\/td>\n<td width=\"180\"><strong>MU\u011eLA TURGUT RE\u0130S ANADOLU L\u0130SES\u0130-1, T\u00dcRK\u0130YE<\/strong><\/td>\n<td width=\"113\"><strong>SOS<\/strong><\/td>\n<td width=\"302\"><strong>KAL\u0130TEL\u0130 TOPLUMDA SAYGIN YA\u015eAM<\/strong><\/p>\n<p><strong>RESPECTFUL LIFE IN A QUALIFIED SOCIETY<\/strong><\/p>\n<p><a href=\"http:\/\/www.halilurganci.com\/2011proje\/sos\/index.htm\">http:\/\/www.halilurganci.com\/2011proje\/sos\/index.htm<\/a><\/td>\n<td width=\"265\"><strong>THE BEST NATIONAL HIGH SCHOOL PROJECT<\/strong><\/p>\n<p><strong>EN \u0130Y\u0130 ULUSAL L\u0130SE PROJES\u0130<\/strong><\/td>\n<\/tr>\n<tr>\n<td width=\"38\"><strong>3<\/strong><\/td>\n<td width=\"180\"><strong>MU\u011eLA TURGUT RE\u0130S ANADOLU L\u0130SES\u0130-2, T\u00dcRK\u0130YE<\/strong><\/td>\n<td width=\"113\"><strong>PREST\u0130J<\/strong><\/td>\n<td width=\"302\"><strong>TOPLUM \u0130\u00c7\u0130N B\u0130REY\/ PERSON FOR COMMUNITY<\/strong><\/p>\n<p><a href=\"http:\/\/www.halilurganci.com\/2011proje\/prestij\/index.htm\">http:\/\/www.halilurganci.com\/2011proje\/prestij\/index.htm<\/a><\/td>\n<td width=\"265\"><strong>THE SECOND BEST NATIONAL HIGH \u00a0 SCHOOL PROJECT<\/strong><\/p>\n<p><strong>\u0130K\u0130NC\u0130 EN \u0130Y\u0130 ULUSAL L\u0130SE PROJES\u0130<\/strong><\/td>\n<\/tr>\n<tr>\n<td colspan=\"4\" width=\"633\"><strong>\u00dcN\u0130VERS\u0130TELER \/ <\/strong><\/p>\n<p><strong>UNIVERSITIES<\/strong><\/td>\n<td width=\"265\"><strong>\u00a0<\/strong><\/td>\n<\/tr>\n<tr>\n<td width=\"38\"><strong>1<\/strong><\/td>\n<td width=\"180\"><strong>KINGSTON IUNIVERSITY, LONDON, UK-1<\/strong><\/td>\n<td width=\"113\"><strong>SQC: QUALITAS<\/strong><\/td>\n<td width=\"302\"><strong>STUDENTS FOR STUDENTS<\/strong><\/p>\n<p><a href=\"http:\/\/qualitas.orgfree.com\/\">http:\/\/qualitas.orgfree.com\/<\/a><\/td>\n<td width=\"265\"><strong>THE BEST INTERNATIONAL UNIVERSITY PROJECT &amp;<\/strong><\/p>\n<p><strong>THE MOST COLLABORATIVE CIRCLE AWARD<\/strong><\/p>\n<p><strong>EN \u0130Y\u0130 YABANCI \u00dcN\u0130VERS\u0130TE PROJES\u0130 ve EN \u0130\u015eB\u0130RL\u0130K\u00c7\u0130 EK\u0130P \u00d6D\u00dcL\u00dc<\/strong><\/td>\n<\/tr>\n<tr>\n<td width=\"38\"><strong>2<\/strong><\/td>\n<td width=\"180\"><strong>ISTANBUL B\u0130LG\u0130 UNIVERSITY + NGO: TOFD (Association for Spinal Cord Paralytics)<\/strong><\/td>\n<td width=\"113\"><strong>B\u0130LG\u0130 CIRCLE<\/strong><\/td>\n<td width=\"302\"><strong>B\u0130LG\u0130YLE TOFD MARTILARIN BULU\u015eMASI<\/strong><\/p>\n<p><strong>B\u0130LG\u0130 STUDENTS MEET SEAGULLS OF TOFD<\/strong><\/p>\n<p><a href=\"http:\/\/www.bilgihalkasi.com\">www.bilgihalkasi.com<\/a><\/td>\n<td width=\"265\"><strong>\u201cTHE SPECIAL AWARD of PROF.DR. \u00dcM\u0130T SERDARO\u011eLU\u201d &amp;<\/strong><\/p>\n<p><strong>THE MOST EMPATIC CIRCLE AWARD<\/strong><\/p>\n<p><strong>PROF.DR. \u00dcM\u0130T SERDARO\u011eLU \u00d6ZEL \u00d6D\u00dcL\u00dc ve EN EMPAT\u0130K EK\u0130P \u00d6D\u00dcL\u00dc<\/strong><\/td>\n<\/tr>\n<tr>\n<td width=\"38\"><strong>3<\/strong><\/td>\n<td width=\"180\"><strong>BO\u011eAZ\u0130\u00c7\u0130 UNIVERSITY, ISTANBUL<\/strong><\/td>\n<td width=\"113\"><strong>BO\u011eAZ\u0130\u00c7\u0130 SEAGULLS<\/strong><\/td>\n<td width=\"302\"><strong>DUYARSIZ KALMAYALIM\/SENSITIVITY FOR VIOLENCE<\/strong><\/p>\n<p><a href=\"http:\/\/www.bogaziciseagulls.com\/en\/index_en.html\">http:\/\/www.bogaziciseagulls.com\/en\/index_en.html<\/a><\/td>\n<td width=\"265\"><strong>THE MOST SUCCESSFUL UNIVERSITY PROJECT &amp; THE MOST PEACE-FOCUSED CIRCLE AWARD<\/strong><\/p>\n<p><strong>EN BA\u015eARILI \u00dcN\u0130VERS\u0130TE PROJES\u0130 ve EN BARI\u015e ODAKLI HALKA \u00d6D\u00dcL\u00dc<\/strong><\/td>\n<\/tr>\n<tr>\n<td width=\"38\"><strong>\u00a0<\/strong><\/td>\n<td width=\"180\"><\/td>\n<td width=\"113\"><strong>\u00a0<\/strong><\/td>\n<td width=\"302\"><strong>\u00a0<\/strong><\/td>\n<td width=\"265\"><strong>\u00a0<\/strong><\/td>\n<\/tr>\n<\/tbody>\n<\/table>\n","protected":false},"excerpt":{"rendered":"<p>NO SCHOOL CIRCLE NAME \u00a0 PROJECT TITLE, WEB\/BLOG ADDRESS AWARD \u0130LK\u00d6\u011eRET\u0130M OKULLARI ELEMENTARY SCHOOLS (AGE: 11-14) \u00a0 1 BUDHANILKANTHA SCHOOL, KATHMANDU, NEPAL CIRCLE ORIENT ANTI BULLYING CAMPAIGN (PPT) http:\/\/www.bilisimcimartilar.com\/proje\/ppt\/Destination.ppsx THE BEST INTERNATIONAL ELEMENTARY SCHOOL PROJECT &amp; \u201cTHE PROJECT LEADERSHIP AWARD\u201d to Saurav Khakurel EN \u0130Y\u0130 YABANCI \u0130LK\u00d6\u011eRET\u0130M OKULU PROJES\u0130 ve Saurav\u2019a \u201cYILIN PROJE L\u0130DERL\u0130\u011e\u0130 \u00d6D\u00dcL\u00dc\u201d [&hellip;]<\/p>\n","protected":false},"author":1,"featured_media":0,"parent":16,"menu_order":230,"comment_status":"closed","ping_status":"closed","template":"","meta":{"footnotes":""},"class_list":["post-46","page","type-page","status-publish","hentry"],"_links":{"self":[{"href":"https:\/\/bilisimcimartilar.com\/english\/wp-json\/wp\/v2\/pages\/46","targetHints":{"allow":["GET"]}}],"collection":[{"href":"https:\/\/bilisimcimartilar.com\/english\/wp-json\/wp\/v2\/pages"}],"about":[{"href":"https:\/\/bilisimcimartilar.com\/english\/wp-json\/wp\/v2\/types\/page"}],"author":[{"embeddable":true,"href":"https:\/\/bilisimcimartilar.com\/english\/wp-json\/wp\/v2\/users\/1"}],"replies":[{"embeddable":true,"href":"https:\/\/bilisimcimartilar.com\/english\/wp-json\/wp\/v2\/comments?post=46"}],"version-history":[{"count":4,"href":"https:\/\/bilisimcimartilar.com\/english\/wp-json\/wp\/v2\/pages\/46\/revisions"}],"predecessor-version":[{"id":388,"href":"https:\/\/bilisimcimartilar.com\/english\/wp-json\/wp\/v2\/pages\/46\/revisions\/388"}],"up":[{"embeddable":true,"href":"https:\/\/bilisimcimartilar.com\/english\/wp-json\/wp\/v2\/pages\/16"}],"wp:attachment":[{"href":"https:\/\/bilisimcimartilar.com\/english\/wp-json\/wp\/v2\/media?parent=46"}],"curies":[{"name":"wp","href":"https:\/\/api.w.org\/{rel}","templated":true}]}}