{"id":5,"date":"2014-02-23T13:46:57","date_gmt":"2014-02-23T13:46:57","guid":{"rendered":"http:\/\/www.konverjans.com\/test\/bilisimcimartilar\/?page_id=2"},"modified":"2015-10-29T17:34:29","modified_gmt":"2015-10-29T17:34:29","slug":"about","status":"publish","type":"page","link":"https:\/\/bilisimcimartilar.com\/english\/about\/","title":{"rendered":"About"},"content":{"rendered":"<h2 style=\"text-align: center;\"><strong>A Short History<\/strong><\/h2>\n<h2 style=\"text-align: center;\"><b><strong>\u00a9 INTERNATIONAL ICT SEAGULLS PROJECT<\/strong><\/b><\/h2>\n<pre>February 25th, 2014<\/pre>\n<p>The Turkish Center for Schools of Quality which was founded by Hayal K\u00f6ksal and John Jay Bonstingl on 22nd January, 2000 in Istanbul, made a decision about participating as Turkish Delegation to the \u201c2001 EXPO-Young Scientists\u2019 Project Competition\u201d organized by NYDT and EXPO-conveners in South Africa. It was an on-line competition and focal issue was \u201carchaeology\u201d. With two member schools (Gaziantep South F\u0131rat High School and Istanbul Eyuboglu High School), we participated in the 2002 EXPO and Turkish projects; Assos and Zeugma, won 2 golden medals. As a result of this achievement, The Ministry of Tourism and Culture honoured both our Center and project schools with the \u201cHonorary Medal of Tourism\u201d.<\/p>\n<p>The following year, 6 projects registered for the 2003 EXPO, however, due to some problems in technology and assessment process Turkish teams could only get 1 silver medal. Upon this situation, we, as the Turkish Center for Schools of Quality, decided to start our own project at the national basis and we turned into our own values. We applied our own assessment system procedures to those 6 project teams and distributed awards in three categories: Gold, Silver, and Copper Seagulls Awards. Seagull; is the symbol of Istanbul and Bosporus along with the commitment of Jonathan Livingston. That step was the starting point of the ICT Seagulls Project. I always remember the great support of my dearest Dost, Prof.Dr. \u00dcmit Serdaro\u011flu (Father of Assos). He was our first advisor and permanent judge. He left us in 2005 due to a heart problem and passed away. After 2005, we have been giving a special award to one of the most successful ICT Seagull team.<\/p>\n<p>In 2004, we restructured the ICT Seagulls Project. The \u0130mece Circle system was improved, focused on we b page design and it was registered legally with that format. The project is collaboration based, not rivalry or competition-based. Continuous improvement, team spirit and positive feelings are the main ingredients. In that year, there were 5 project teams within the process. With the great support and collaboration of Microsoft Turkey, we provided a good platform to the participating teams. Mrs. \u015eeniz Cirit\u00e7i, the P\u0130L Coordinator of Microsoft and Mr. Mehmet Nuri \u00c7ankaya were always with us. During the Award Ceremony in Istanbul Hyatt Regency, our international judges; Prof. John Jay Bonstingl from USA and Dr. (Mrs.) Vineeta Kamran from CMS, Lucknow, India, Mr. Mark East from MEA Microsoft, and Robert Green from Microsoft UK took part in and they contributed a lot to the \u201cProfessional Improvement\u201d of the teachers concerning the technology use in school.<\/p>\n<p>In 2005; 24 project teams registered but only 16 of them could complete the difficult journey. In 2006; nearly 50 projects registered but only 31 of them could design their web pages. Each year, project has been modified. This is a very important characteristic of this project. Nothing stays the same on earth! Then, why a project should stay the same forever and ever? We all know that quality means continuous improvement. The project is based on PDCA Mindset (Plan, Do, Check, Act) as everything is on. Our project also has evolved. For instance; in 2006 we added Kindergartens, NGO circles and also international circles to the project. We added peer-assessment (20%) to the evaluation process and teams were asked to include Turkish and English Power Points to their web pages to inform the international partners.<\/p>\n<p>There were some other changes in 2007. We tried a huge collaboration with the Educational Technologies Department of the Ministry of National Education and Microsoft Turkey. Through a signed protocol, we trained 171 teachers from different regions of Turkey as the Coordinators of ICT Seagulls Project. Those coordinators were supposed to train their peers in their cities and schools through a specially-designed Training CD of ICT Seagulls Program. With this program, teachers would train new generations who are skilful at problem solving, teaming, sharing and caring. 171 teachers could only lead 93 projects. The Award Ceremony was held by the Ministry in Ankara. It was a very nice sharing event. Nearly 1000 students and teachers contributed a lot to the ceremony. However, due to some financial and administrative problems, state school teachers and students witnessed some difficulties.<\/p>\n<p>When we reached at the year 2008, we preferred leading the schools alone. In addition to Microsoft with the support of 22 organizations we handed in the awards of ICT Seagulls during the 11. International Convention on Students\u2019 \u0130mece Circles which was held with the support of CMS and WCTQEE at Yeditepe University, Istanbul. Out of 32, 4 of the projects belonged to private schools. Our NGO partner (TEGV) had prepared 17 projects from different cities of Turkey. 8 projects were from South Africa and one from India. For more info, please visit: <a href=\"http:\/\/www.hayalkoksal.com\/konvan\">http:\/\/www.hayalkoksal.com\/konvan<\/a>. You can see the names and photos of the teams on Assessment and Archive sections.<\/p>\n<p>In 2009, we finished the sixth year of the project. The most exciting change was the registration of the disabled teams. We feel honour for empowering the challenged ones. We set 60% of the assessment result to the peer-assessment. Furthermore, web page design was not the only sharing tool for the teams. We also included in; blog design, drama, case study presentation and art. Another important change was in the topic. We included in the \u201cImprovement within your own school\u201d. Thus, students were seen, accepted and empowered as the change-agents. They could manage and measure the rate of change in their own schools. 25 projects registered and only 19 of them could finalize their projects. One of the outstanding projects belonged to our Sivas team. They dealt with the problems of Vocational School graduates in Turkey. A team from the eastern part of Turkey had prepared a drama for their Atat\u00fcrk Project which was very impressive and it was worth of Prof.Dr. \u00dcmit Serdaro\u011flu Award. The project for the disabled students conducted by Little Angels High School from India was also very admirable.<\/p>\n<p>In <strong>2010<\/strong>, we wanted to point out the special importance of Istanbul which was elected as the \u201cEuropean Cultural Capital City\u201d and the importance of ARTS for our students. There was also a reduction in the weekly hours of Music and arts in the curriculum of elementary and secondary schools in Turkey and we wanted to show the necessity of those courses for the fine spirit of new generations. The main theme was: <strong>\u201cTraining qualified persons through arts and the Obstacles before it\u201d<\/strong>. Out of registered circles only 20 of them could finalize the journey with success. The \u201cEmpathy Circle\u201d of the \u201cAssociation for Spinal Cord Paralytics (TOFD)\u201d, Mu\u011fla University, LAHS Circle and Sariyer VKV High School Scouts were the most attracting ones. The National Award ceremony was held in Enka Schools, Sariyer, and Istanbul with the support of Sariyer City Council and Sariyer Municipality. The supporters of the event were around 20 and it was a very impressive ceremony with the participation of Hindu students of LAHS.<\/p>\n<p>The focal point of the year<strong> 2011 <\/strong>were;<strong> \u201cDignity and Fairplay\u201d. <\/strong>Teams were asked to prepare projects removing the concept of \u201cthe other\u201d from their environments concerning religion, language, gender, economical status, ethnics, etc. In order to add some colour to the projects we also added the \u201cFairplay in sports\u201d to the main issues. Out of 23 SQCs, 13 project teams have completed the run. Bo\u011fazi\u00e7i, Bilgi and Kingston universities were the leading ones of higher educational institutions. Izmir, Kemalpa\u015fa 8 Eyl\u00fcl Primary School, Burdur Bah\u00e7elievler Primary School, Tekirda\u011f, \u00c7orlu, Velime\u015fe Primary School and \u00dcsk\u00fcdar Atat\u00fcrk Primary school were the young students. Mu\u011fla Turgut Reis Anatolian high School and the disabled team of TOFD prepared wonderful activities to solve their problems. Budhanilkantha School from Nepal studied on bullying; Tshwane School from South Africa studied Poverty. The Award Ceremony was held on 3<sup>rd<\/sup> December 2011 during the Award ceremony of \u201c14<sup>th<\/sup> ICSQCC\u201d in Lucknow, India. We have been grateful to the manager-founder of City Montessori School (Dr. Jagdish Gandhi) and the convener (Dr. Vineeta Kamran) for providing us with such a wonderful opportunity.<\/p>\n<p>In the year 2012, the ICT Seagulls projects started with a general meeting at Beyo\u011flu Educational District under the leadership of Educational Director _ Adem Koca _ and he guided all school principals to be in the Project to solve the <b>educational problems of the Beyo\u011flu District<\/b>. The Project topics were; <strong>1)<\/strong> How can we improve the academic and social levels of education in our region? <strong>2)<\/strong> How can social media affect the academic levels of students? <strong>3)<\/strong> How can we establish enviro sensitivity among schools? How do we support our dying world? <strong>4)<\/strong> How can we improve communication skills among our youngsters to remove the humiliation among people and to create awareness about ethics? Even though 20 schools registered to the Project, only half of them, 10 schools could complete their projects successfully. \u0130stanbul Galatasaray High School became the Champion High School and the Champion SQC. Others shared the best awards. They are; Beyo\u011flu \u0130hsan \u015eerif Elementary School, \u00dcsk\u00fcdar Atat\u00fcrk Elementary School, Burdur Bah\u00e7elievler Elementary Schools with 2 \u0130mece Circles, Beyo\u011flu Ok\u00e7umusa Elementary School, Nev\u015fehir H. A. \u0130ncekara Science High School, Nepal Little Angels High School, Nepal Kathmandu University High School and London Kingston University. The awards were presented to the winners at each school before their students and teachers.<\/p>\n<p>In<b> 2013<\/b>, it was thought that the 10th year of the Project would be the \u201cProud Year\u201d and then it would be ended. <b>Project themes <\/b>were;<\/p>\n<ol>\n<li>Leadership problems everywhere,<\/li>\n<li>Environmental problems,<\/li>\n<li>Ethics and Technological safety,<\/li>\n<li>Love, respect and tolerance,<\/li>\n<li>Empathy for the disabled.<b><br \/>\n<\/b><\/li>\n<\/ol>\n<p>Only 5 teams could finalize the project successfully. They were:<\/p>\n<ol>\n<li>Nev\u015fehir H\u00fcseyin Avni \u0130ncekara Science High School, <a href=\"http:\/\/www.nevsehirdeisraf.com\">www.nevsehirdeisraf.com<\/a><\/li>\n<li>Istanbul, Beyo\u011flu, Ok\u00e7u Musa Middle school, <a href=\"http:\/\/patidostueller.blogspot.com\">http:\/\/patidostueller.blogspot.com<\/a><\/li>\n<li>Burdur Bah\u00e7elievler Primary School,\u00a0 <a href=\"http:\/\/kucukliderler.blogspot.com\/\">http:\/\/kucukliderler.blogspot.com<\/a><\/li>\n<li>Bo\u011fazi\u00e7i University, <a href=\"http:\/\/www.mindhuntersbogazici.com\">www.mindhuntersbogazici.com<\/a><\/li>\n<li>Nepal Little Angels High School, <a href=\"http:\/\/sqcelevate.blogspot.com\/\">http:\/\/sqcelevate.blogspot.com<\/a><\/li>\n<\/ol>\n<p>The \u201cProud Year\u201d Award\u00a0distribution took place in Lucknow, India, City Montessori School on 30<sup>th <\/sup>November, 2013. During the Annual Meeting of the Council,\u00a0 I announced that the Project ended, but,\u00a0 most of the Directors General and Advisors of the WCTQEE rejected and they wanted me to continue the Project stating that it was one of the best collaboration and ICT platform for all member countries. Naturally, I could not say \u201cNo\u201d to this request and I also promised designing another one concerning teachers, in addition to the students\u2019 project. To sum up; nearly 260 Certified Projects were studied under the leadership of Dr. K\u00f6ksal and project teachers within 10 years. More than 3,000 school partners (students, teachers, administrators and parents) learned about the quality philosophy and problem solving skills based upon PDCA Mindset which is a general goal for WCTQEE countries on the way of training total quality persons (TQPs). The power of \u0130MECE (Collaboration) is the main source of this Project.<\/p>\n<p>As a result, in <strong>2014<\/strong>, we started\u00a0our journey with two projects:<\/p>\n<p><b>1. ICT Seagulls Project for students (SQCs):<\/b><\/p>\n<p style=\"padding-left: 30px;\">ICT Seagulls Projects\u00a0 started its 11th year. The steps for the projects were\u00a0 same. Teachers\u00a0 registered on behalf of their students,\u00a0<span style=\"text-decoration: underline;\">because<\/span><span style=\"text-decoration: underline;\"> it was a students\u2019 project<\/span>. Maximum number for the team members was 10. The school principal\u00a0 approved the project and supported the team. Sharing of the steps and outcomes of the Project was shared through Web Pages\/ Blogs and PPTs. <span style=\"text-decoration: underline;\">Two projects<\/span> took part in from Secondary schools: One was from Turkey and the other was from India, Lucknow, CMS.<\/p>\n<p><b>2. ICT Leading Seagulls for teachers (TQCs):<\/b><\/p>\n<p style=\"padding-left: 30px;\">ICT Leading Seagulls are university students, student-teachers and retired teachers. Business people, NGO leaders, Local governors, and families were also invited.Proving everything with <b>video-taking<\/b> was essential in that project. Sharing again would be done through Web Pages \/ Blogs and YouTube.<\/p>\n<p style=\"padding-left: 30px;\">Bo\u011fazi\u00e7i University students from the Faculty of Education participated in the Leading Seagulls Project. 10 circles from the Classroom Management course and <span style=\"text-decoration: underline;\">12 projects<\/span> from the Conflict Resolution Course participated in very creatively. All the projects might be seen from the Archives part.<\/p>\n<p>In the year of <strong>2015<\/strong>, 59 projects completed their journey successfully. They all were the winners. They were as follows:<\/p>\n<p>One project from CMS, Lucknow, India attended the Elementary School Stage. The team were the 4th graders and they have become Young Champions.<\/p>\n<p>Two projects took part in Middle School level: One from Turkey and one from Sri Lanka.<\/p>\n<p>From High Schools 7 teams could finalize their projects. One was from Sri Lanka and the other six projects from Turkey.<\/p>\n<p>Gaziantep University team from the Foreign languages Higher School completed a disabled project successfully in one year period. Other projects belonged to Bo\u011fazi\u00e7i University and they prepared their projects in one term instead of one year. Out of 99 registered projects, 59 projects were completed. The award ceremony will be held in CMS, Lucknow, India on 5 December, 2015.<\/p>\n<p><strong>Now, we are going to start the 13th year of ICT Seagulls and 3rd year of Leading Seagulls. I am thankful to the supporting bodies of the International ICT Seagulls projects;<\/strong><\/p>\n<ul>\n<ul>\n<li>World Council for Total Quality &amp; Excellence in Education <strong>(WCTQEE);<\/strong>the\u00a0 president Dr. Jagdish Gandhi, Prof. Geeta Gandhi, all Advisors and DGs,<\/li>\n<li>City Montessori School <strong>(CMS<\/strong>), Lucknow, India and the founding Principal Dr. Vineeta Kamran,<\/li>\n<li>Human Dignity &amp; Humiliation Studies Network (<strong>HumanDHS)<\/strong> and the president, Prof.Dr. Evelin Lindner,<\/li>\n<li><strong>QUEST-Nepal<\/strong> and Prof. Dr. Dinesh Chapagain and his wonderful team,<\/li>\n<li>Bo\u011fazi\u00e7i University, Peace Education Center (<strong>BUPERC<\/strong>),<\/li>\n<li><strong>Bilim \u015eenli\u011fi<\/strong>,<\/li>\n<li><strong>Tria Bili\u015fim<\/strong> and<\/li>\n<li><strong>Do\u011fan Reklamc\u0131l\u0131k<\/strong>.<\/li>\n<\/ul>\n<\/ul>\n<p>The Project has NO financial award. The ones who complete the Project learn how to;<\/p>\n<ul>\n<ul>\n<li>collaborate,<\/li>\n<li>manage time and conflict,<\/li>\n<li>apply quality tools and PDCA Mindset,<\/li>\n<li>use technology in a collaborative way.<\/li>\n<\/ul>\n<\/ul>\n<p>As is seen clearly, its contributions to the participants are great: The spirit of coming together, sharing and caring, reputation and learning problem solving skills. We share love, respect and tolerance together as sisters and brothers of the world.<\/p>\n<p>We wish GOOD LUCK to every participant. Together we stand!<\/p>\n<h4>Dr. Hayal K\u00d6KSAL<\/h4>\n","protected":false},"excerpt":{"rendered":"<p>A Short History \u00a9 INTERNATIONAL ICT SEAGULLS PROJECT February 25th, 2014 The Turkish Center for Schools of Quality which was founded by Hayal K\u00f6ksal and John Jay Bonstingl on 22nd January, 2000 in Istanbul, made a decision about participating as Turkish Delegation to the \u201c2001 EXPO-Young Scientists\u2019 Project Competition\u201d organized by NYDT and EXPO-conveners in [&hellip;]<\/p>\n","protected":false},"author":1,"featured_media":0,"parent":0,"menu_order":20,"comment_status":"closed","ping_status":"closed","template":"","meta":{"footnotes":""},"class_list":["post-5","page","type-page","status-publish","hentry"],"_links":{"self":[{"href":"https:\/\/bilisimcimartilar.com\/english\/wp-json\/wp\/v2\/pages\/5","targetHints":{"allow":["GET"]}}],"collection":[{"href":"https:\/\/bilisimcimartilar.com\/english\/wp-json\/wp\/v2\/pages"}],"about":[{"href":"https:\/\/bilisimcimartilar.com\/english\/wp-json\/wp\/v2\/types\/page"}],"author":[{"embeddable":true,"href":"https:\/\/bilisimcimartilar.com\/english\/wp-json\/wp\/v2\/users\/1"}],"replies":[{"embeddable":true,"href":"https:\/\/bilisimcimartilar.com\/english\/wp-json\/wp\/v2\/comments?post=5"}],"version-history":[{"count":11,"href":"https:\/\/bilisimcimartilar.com\/english\/wp-json\/wp\/v2\/pages\/5\/revisions"}],"predecessor-version":[{"id":478,"href":"https:\/\/bilisimcimartilar.com\/english\/wp-json\/wp\/v2\/pages\/5\/revisions\/478"}],"wp:attachment":[{"href":"https:\/\/bilisimcimartilar.com\/english\/wp-json\/wp\/v2\/media?parent=5"}],"curies":[{"name":"wp","href":"https:\/\/api.w.org\/{rel}","templated":true}]}}