{"id":536,"date":"2017-11-22T07:44:23","date_gmt":"2017-11-22T07:44:23","guid":{"rendered":"https:\/\/bilisimcimartilar.com\/english\/?page_id=536"},"modified":"2023-08-17T16:55:14","modified_gmt":"2023-08-17T13:55:14","slug":"2018-projects","status":"publish","type":"page","link":"https:\/\/bilisimcimartilar.com\/english\/projects\/2018-projects\/","title":{"rendered":"2018 PROJECTS"},"content":{"rendered":"<p>In 2018, 5 projects, two of which were university projects, were completed.<\/p>\n<p>As a result of the jury evaluation in 2018, the projects successfully completed, and the award recipients are as follows:<\/p>\n<ol>\n<li>City Montessori School, Kanpur Road, Lucknow, India: &#8220;SQC Go Green&#8221;, Project on Dealing with Environmental Pollution (8. Class) (International Champion Seagull Project Award and Global Seagull Leader award to Dr. Jagdish Gandhi)<\/li>\n<li>R\/Nivi\/Kiranodagama Vidyalaya, Demuwatha, Rakwana, Sri Lanka: &#8220;SQC Dew Drops&#8221;, Project to promote English language learning in school and community (Grades 8-11) Classes) (Champion Seagulls Award in School-Society Cooperation and Taner \u00d6zbey Leading Teacher Special Award to Teacher Judith Perera) 3.<\/li>\n<li>Puttalam Zahira College, Sri Lanka: &#8220;SQC Hawk Eyes&#8221;, Greening the environment project (High school students) (Best Environmental Project Award and Student Leadership Award to Risdha Farwin)<\/li>\n<\/ol>\n<p>The Leader Seagulls Project, in which university students participated, was attended by Prof. Dr. Under the leadership of Eda \u00dcst\u00fcnel, two different groups of Demet \u00d6zcan Bayram, a lecturer at the School of Foreign Languages, participated:<\/p>\n<ol>\n<li>The project of &#8220;The Circle of Stray Angels&#8221; about cruelty to animals; Best Leader Seagull Project Award and Prof. Dr. \u00dcmit Serdaro\u011flu received the Leadership Special Award.<\/li>\n<li>&#8220;SQC The Self-Cointed&#8221; measured the impact of Hollywood Heroes on people and won the Most Interesting Leader Seagull Project Award.<\/li>\n<\/ol>\n<p>Congratulations wholeheartedly to all the teams involved; We wish success to all of them, especially the school leaders and teachers, who have supported them.<\/p>\n<p>Dr. Hayal K\u00d6KSAL<\/p>\n<p>&nbsp;<\/p>\n","protected":false},"excerpt":{"rendered":"<p>In 2018, 5 projects, two of which were university projects, were completed. As a result of the jury evaluation in 2018, the projects successfully completed, and the award recipients are as follows: City Montessori School, Kanpur Road, Lucknow, India: &#8220;SQC Go Green&#8221;, Project on Dealing with Environmental Pollution (8. Class) (International Champion Seagull Project Award [&hellip;]<\/p>\n","protected":false},"author":1,"featured_media":0,"parent":16,"menu_order":0,"comment_status":"closed","ping_status":"closed","template":"","meta":{"footnotes":""},"class_list":["post-536","page","type-page","status-publish","hentry"],"_links":{"self":[{"href":"https:\/\/bilisimcimartilar.com\/english\/wp-json\/wp\/v2\/pages\/536","targetHints":{"allow":["GET"]}}],"collection":[{"href":"https:\/\/bilisimcimartilar.com\/english\/wp-json\/wp\/v2\/pages"}],"about":[{"href":"https:\/\/bilisimcimartilar.com\/english\/wp-json\/wp\/v2\/types\/page"}],"author":[{"embeddable":true,"href":"https:\/\/bilisimcimartilar.com\/english\/wp-json\/wp\/v2\/users\/1"}],"replies":[{"embeddable":true,"href":"https:\/\/bilisimcimartilar.com\/english\/wp-json\/wp\/v2\/comments?post=536"}],"version-history":[{"count":3,"href":"https:\/\/bilisimcimartilar.com\/english\/wp-json\/wp\/v2\/pages\/536\/revisions"}],"predecessor-version":[{"id":671,"href":"https:\/\/bilisimcimartilar.com\/english\/wp-json\/wp\/v2\/pages\/536\/revisions\/671"}],"up":[{"embeddable":true,"href":"https:\/\/bilisimcimartilar.com\/english\/wp-json\/wp\/v2\/pages\/16"}],"wp:attachment":[{"href":"https:\/\/bilisimcimartilar.com\/english\/wp-json\/wp\/v2\/media?parent=536"}],"curies":[{"name":"wp","href":"https:\/\/api.w.org\/{rel}","templated":true}]}}