{"id":547,"date":"2018-10-01T14:10:56","date_gmt":"2018-10-01T14:10:56","guid":{"rendered":"https:\/\/bilisimcimartilar.com\/english\/?page_id=547"},"modified":"2018-10-12T18:42:44","modified_gmt":"2018-10-12T18:42:44","slug":"15-international-ict-seagulls-5-leading-seagulls-project-results","status":"publish","type":"page","link":"https:\/\/bilisimcimartilar.com\/english\/15-international-ict-seagulls-5-leading-seagulls-project-results\/","title":{"rendered":"15.INTERNATIONAL ICT SEAGULLS &#038; 5. LEADING SEAGULLS PROJECT RESULTS"},"content":{"rendered":"<p>PRESS RELEASE<\/p>\n<div id=\"attachment_553\" style=\"width: 160px\" class=\"wp-caption alignright\"><a href=\"http:\/\/bilisimcimartilar.com\/english\/wp-content\/uploads\/Taner-\u00d6zbey.jpg\"><img loading=\"lazy\" decoding=\"async\" aria-describedby=\"caption-attachment-553\" class=\"size-thumbnail wp-image-553\" src=\"http:\/\/bilisimcimartilar.com\/english\/wp-content\/uploads\/Taner-\u00d6zbey-150x150.jpg\" alt=\"Taner \u00d6ZBEY\" width=\"150\" height=\"150\" srcset=\"https:\/\/bilisimcimartilar.com\/english\/wp-content\/uploads\/Taner-\u00d6zbey-150x150.jpg 150w, https:\/\/bilisimcimartilar.com\/english\/wp-content\/uploads\/Taner-\u00d6zbey-130x130.jpg 130w, https:\/\/bilisimcimartilar.com\/english\/wp-content\/uploads\/Taner-\u00d6zbey-70x70.jpg 70w, https:\/\/bilisimcimartilar.com\/english\/wp-content\/uploads\/Taner-\u00d6zbey-45x45.jpg 45w\" sizes=\"auto, (max-width: 150px) 100vw, 150px\" \/><\/a><p id=\"caption-attachment-553\" class=\"wp-caption-text\">Taner \u00d6ZBEY<\/p><\/div>\n<div id=\"attachment_552\" style=\"width: 160px\" class=\"wp-caption alignright\"><a href=\"http:\/\/bilisimcimartilar.com\/english\/wp-content\/uploads\/\u00fcmit-serdaroglu-1.jpg\"><img loading=\"lazy\" decoding=\"async\" aria-describedby=\"caption-attachment-552\" class=\"wp-image-552 size-thumbnail\" src=\"http:\/\/bilisimcimartilar.com\/english\/wp-content\/uploads\/\u00fcmit-serdaroglu-1-150x150.jpg\" width=\"150\" height=\"150\" srcset=\"https:\/\/bilisimcimartilar.com\/english\/wp-content\/uploads\/\u00fcmit-serdaroglu-1-150x150.jpg 150w, https:\/\/bilisimcimartilar.com\/english\/wp-content\/uploads\/\u00fcmit-serdaroglu-1-130x130.jpg 130w, https:\/\/bilisimcimartilar.com\/english\/wp-content\/uploads\/\u00fcmit-serdaroglu-1-70x70.jpg 70w, https:\/\/bilisimcimartilar.com\/english\/wp-content\/uploads\/\u00fcmit-serdaroglu-1-45x45.jpg 45w\" sizes=\"auto, (max-width: 150px) 100vw, 150px\" \/><\/a><p id=\"caption-attachment-552\" class=\"wp-caption-text\">Prof.Dr.\u00dcmit SERDARO\u011eLU<\/p><\/div>\n<p>The 15. Year results of the International ICT Seagulls Project, which is an ICT project based upon collaborative students\u2019 quality circles and problem-solving skills, was announced by the designer and the general coordinator of it. The project has also been open to university teams under the brand name of Leading Seagulls for the last five years, and to the community members since last year. The project has been going on to attract the attention of international teams as well since 2006.<\/p>\n<p>The project has been supported by the World Council for Total Quality and Excellence in Education (WCTQEE)\u201d, which was located at the City Montessori school in Lucknow, India, \u201cNepal QUEST\u201d, \u201cHuman Dignity and Humiliation Studies Network\u201d and \u201cThe Association for Innovative Collaboration (Y\u0130MEDER). The main goal of the project is to teach team spirit, effective use of technology and communication skills, and problem solving skills to new generations by means of using quality tools. Democratic approaches, time management, conflict management and awareness gaining also form the goals of the project. It is a student project. Students and\/or participating teams hold all the authority in their hands. They learn how to use technology and communication skills at a certain level. It start in October and ends in June (Please visit: www.bilisimcimartilar.com\/en).<\/p>\n<p>The project started in 2003 and was supported by Microsoft T\u00fcrkiye between the years of 2003 and 2009. In 2006, overseas teams started to register like schools from California-USA, UK, India, Nepal, South Africa and Sri Lanka in addition to Turkish ones. In 2007, the Ministry of National Education supported Dr K\u00f6ksal to train 145 Turkish teachers from various levels as the coordinators of ICT Seagulls Project. Thus, all the schools were invited to take part in it. In 2009 and 2010 two local governors organized the international Seagulls Award ceremonies in Mu\u011fla and \u0130stanbul. Then, City Montessori School in Lucknow started to host the ceremony every two years. Project has three different assessment systems: Initial assessment by the coordinator, peer-assessment by the teams and jury assessment by the national and international judges<\/p>\n<p>This year five teams could finalize the projects and got the privilege of obtaining \u201cAchievement Certificates\u201d and momentos. Two of them are Turkish University teams and three are international ones. They are as follows:<\/p>\n<ol>\n<li>City Montessori School, Kanpur Road, Lucknow, India: \u201cSQC Go Green\u201d, How to Manage Environmental Pollution, (8<sup>th<\/sup> graders)&#8211;&gt; <strong>International Champion Seagulls Award<\/strong> &amp; <strong>The Global Leader Award of Seagulls Projects to Dr. Jagdish Gandhi.<\/strong><\/li>\n<li>R\/Nivi\/Kiranodagama Vidyalaya, Demuwatha, Rakwana, Sri Lanka: \u201cSQC Dew Drops\u201d, Enhancing the knowledge of English language in School and in the Community. (8-11<sup>th<\/sup> graders and Community)&#8211;&gt; <strong>The Champion Seagulls Award for School-Community Collaboration<\/strong> &amp;\u00a0<strong><span style=\"color: #ff0000;\"> Taner \u00d6zbey Leading Teacher\u00a0 Special Award<\/span> to Judith Perera.<\/strong><\/li>\n<li>Puttalam Zahira College, Sri Lanka: \u201cSQC Hawk Eyes Halkas\u0131\u201d, Acting as an Enviore-lover (High School students)<strong><strong><strong>\u00a0&#8211;&gt; <strong>The Best Environmental Project Award<\/strong> &amp; <strong>Special Student Leadership Award to Risdha Farwin.<\/strong><\/strong><\/strong><\/strong><\/li>\n<\/ol>\n<p>Leading Seagulls award are given to university students and this year Mu\u011fla S\u0131tk\u0131 Ko\u00e7man University, Higher School of Foreign Languages entered the project under the active leadership of Prof. Dr. Eda \u00dcst\u00fcnel. The lecturer Demet \u00d6zcan Bayram applied the \u0130mece Circles (SQC) methodology in her lessons and two student teams\/circles registered in the ICT Leading Seagulls Project:<\/p>\n<ol>\n<li>\u201cSQC Stray Angels\u201d, Animal Cruelty &#8211;&gt;\u00a0T<strong>he Best Leading Seagulls Award <\/strong>&amp; <strong><span style=\"color: #ff0000;\">Prof.Dr. \u00dcmit Serdaro\u011flu Leadersip Special Award<\/span> to the leaders Prof.Dr.Eda \u00dcst\u00fcnel and Demet \u00d6zcan Bayram.<\/strong><\/li>\n<li>\u201cSQC Self-Cointed\u201d, Hollywood Heroes and their effects on people\u00a0&#8211;&gt; <strong>The Most Interesting Leading Seagulls Award. <\/strong><\/li>\n<\/ol>\n<p>We congratulate all the members of five teams and we also thank all the contributors and leaders and supporting bodies. We hope in 2019 ICT Seagulls projects, we will have more participation.<\/p>\n<p style=\"text-align: left;\">Dr. Hayal K\u00d6KSAL<br \/>\nProject Designer and Coordinator<\/p>\n<p>&nbsp;<\/p>\n","protected":false},"excerpt":{"rendered":"<p>PRESS RELEASE The 15. Year results of the International ICT Seagulls Project, which is an ICT project based upon collaborative students\u2019 quality circles and problem-solving skills, was announced by the designer and the general coordinator of it. The project has also been open to university teams under the brand name of Leading Seagulls for the [&hellip;]<\/p>\n","protected":false},"author":1,"featured_media":0,"parent":0,"menu_order":0,"comment_status":"closed","ping_status":"closed","template":"","meta":{"footnotes":""},"class_list":["post-547","page","type-page","status-publish","hentry"],"_links":{"self":[{"href":"https:\/\/bilisimcimartilar.com\/english\/wp-json\/wp\/v2\/pages\/547","targetHints":{"allow":["GET"]}}],"collection":[{"href":"https:\/\/bilisimcimartilar.com\/english\/wp-json\/wp\/v2\/pages"}],"about":[{"href":"https:\/\/bilisimcimartilar.com\/english\/wp-json\/wp\/v2\/types\/page"}],"author":[{"embeddable":true,"href":"https:\/\/bilisimcimartilar.com\/english\/wp-json\/wp\/v2\/users\/1"}],"replies":[{"embeddable":true,"href":"https:\/\/bilisimcimartilar.com\/english\/wp-json\/wp\/v2\/comments?post=547"}],"version-history":[{"count":5,"href":"https:\/\/bilisimcimartilar.com\/english\/wp-json\/wp\/v2\/pages\/547\/revisions"}],"predecessor-version":[{"id":559,"href":"https:\/\/bilisimcimartilar.com\/english\/wp-json\/wp\/v2\/pages\/547\/revisions\/559"}],"wp:attachment":[{"href":"https:\/\/bilisimcimartilar.com\/english\/wp-json\/wp\/v2\/media?parent=547"}],"curies":[{"name":"wp","href":"https:\/\/api.w.org\/{rel}","templated":true}]}}