{"id":55,"date":"2014-02-23T17:04:28","date_gmt":"2014-02-23T15:04:28","guid":{"rendered":"http:\/\/www.konverjans.com\/test\/bilisimcimartilar\/?page_id=55"},"modified":"2015-02-22T14:41:05","modified_gmt":"2015-02-22T14:41:05","slug":"2012-projects","status":"publish","type":"page","link":"https:\/\/bilisimcimartilar.com\/english\/projects\/2012-projects\/","title":{"rendered":"2012 Projects"},"content":{"rendered":"<p style=\"text-align: left;\"><img loading=\"lazy\" decoding=\"async\" class=\" size-thumbnail wp-image-409 alignnone\" src=\"http:\/\/bilisimcimartilar.com\/english\/wp-content\/uploads\/253135_10151175411443108_1775688446_n-300x199-150x150.jpg\" alt=\"253135_10151175411443108_1775688446_n-300x199\" width=\"150\" height=\"150\" srcset=\"https:\/\/bilisimcimartilar.com\/english\/wp-content\/uploads\/253135_10151175411443108_1775688446_n-300x199-150x150.jpg 150w, https:\/\/bilisimcimartilar.com\/english\/wp-content\/uploads\/253135_10151175411443108_1775688446_n-300x199-130x130.jpg 130w, https:\/\/bilisimcimartilar.com\/english\/wp-content\/uploads\/253135_10151175411443108_1775688446_n-300x199-70x70.jpg 70w, https:\/\/bilisimcimartilar.com\/english\/wp-content\/uploads\/253135_10151175411443108_1775688446_n-300x199-45x45.jpg 45w\" sizes=\"auto, (max-width: 150px) 100vw, 150px\" \/>\u00a0 <em>Atat\u00fcrk Primary School Students, During the Award Ceremony<\/em><br \/>\nIn the year of 2012, 10 project teams successfully completed their projects. The collaboration was realized with the Beyo\u011flu Educational Directorate of Istanbul city. The special theme of the year was improving the quality of education in Beyo\u011flu district. Galatasaray High School was volunteer about it. That school is one of the most outstanding Turkish schools of that region. The Award ceremonies were realized in every school&#8217;s own Hall. The awarded school of the international category got the award from the hands of Prof. David Hutchins ve Prof.Dr. Dinesh Chapagain during the National Convention of Students&#8217; Quality Circles of Nepal.<\/p>\n<p>Successful Schools and their web pages \/ Blogs:<br \/>\nIstanbul, Beyo\u011flu \u0130lhan \u015eerif Primary School, \u201cSQC Media Seagulls\u201d: http:\/\/medya-martilari.blogspot.com<br \/>\nIstanbul, Scutari, Atat\u00fck Primary School,\u201cSQC Enviro Seagulls\u201d: www.cevrecimartilar34.blogspot.com<br \/>\nBurdur Bah\u00e7elievler Primary School; \u201cSQC Communicating Seagulls\u201d: http:\/\/www.bahcelioo.meb.k12.tr\/iletisim\/index.htm<br \/>\nBurdur Bah\u00e7elievler Primary School; \u201cSQC Enviro Youngesters\u201d: http:\/\/www.bahcelioo.meb.k12.tr\/cevre\/index.htm<br \/>\nIstanbul Beyo\u011flu Ok\u00e7umusa Middle School, \u201cSQC Enviro Team\u201d: http:\/\/cevretimi.tumblr.com<br \/>\nIstanbul, Galatasaray High School, &#8220;Sultan\u00ee SQC\u201d: http:\/\/www.gslsultani.org<br \/>\nNev\u015fehir H\u00fcsayin Avni \u0130ncekara Science High School, \u201cSQC Small Bread Pieces\u201d: www.nevsehirdeisraf.com<br \/>\nNepal, Kathmandu University High School, \u201cGoogle QC\u201d: www.kuhsqc.wordpress.com<br \/>\nNepal Little Angels High School, \u201cAltruism SQC\u201d: http:\/\/lasqc.blogspot.com<br \/>\nUK, London,Kingston University, \u201cSQC Kingston Hawks\u201d: http:\/\/khawks.tumblr.com<br \/>\nWe are celebrating their achievement.<\/p>\n","protected":false},"excerpt":{"rendered":"<p>\u00a0 Atat\u00fcrk Primary School Students, During the Award Ceremony In the year of 2012, 10 project teams successfully completed their projects. The collaboration was realized with the Beyo\u011flu Educational Directorate of Istanbul city. The special theme of the year was improving the quality of education in Beyo\u011flu district. Galatasaray High School was volunteer about it. [&hellip;]<\/p>\n","protected":false},"author":1,"featured_media":0,"parent":16,"menu_order":220,"comment_status":"closed","ping_status":"closed","template":"","meta":{"footnotes":""},"class_list":["post-55","page","type-page","status-publish","hentry"],"_links":{"self":[{"href":"https:\/\/bilisimcimartilar.com\/english\/wp-json\/wp\/v2\/pages\/55","targetHints":{"allow":["GET"]}}],"collection":[{"href":"https:\/\/bilisimcimartilar.com\/english\/wp-json\/wp\/v2\/pages"}],"about":[{"href":"https:\/\/bilisimcimartilar.com\/english\/wp-json\/wp\/v2\/types\/page"}],"author":[{"embeddable":true,"href":"https:\/\/bilisimcimartilar.com\/english\/wp-json\/wp\/v2\/users\/1"}],"replies":[{"embeddable":true,"href":"https:\/\/bilisimcimartilar.com\/english\/wp-json\/wp\/v2\/comments?post=55"}],"version-history":[{"count":6,"href":"https:\/\/bilisimcimartilar.com\/english\/wp-json\/wp\/v2\/pages\/55\/revisions"}],"predecessor-version":[{"id":413,"href":"https:\/\/bilisimcimartilar.com\/english\/wp-json\/wp\/v2\/pages\/55\/revisions\/413"}],"up":[{"embeddable":true,"href":"https:\/\/bilisimcimartilar.com\/english\/wp-json\/wp\/v2\/pages\/16"}],"wp:attachment":[{"href":"https:\/\/bilisimcimartilar.com\/english\/wp-json\/wp\/v2\/media?parent=55"}],"curies":[{"name":"wp","href":"https:\/\/api.w.org\/{rel}","templated":true}]}}