{"id":57,"date":"2014-02-23T17:05:56","date_gmt":"2014-02-23T15:05:56","guid":{"rendered":"http:\/\/www.konverjans.com\/test\/bilisimcimartilar\/?page_id=57"},"modified":"2015-02-22T14:28:14","modified_gmt":"2015-02-22T14:28:14","slug":"2013-projects","status":"publish","type":"page","link":"https:\/\/bilisimcimartilar.com\/english\/projects\/2013-projects\/","title":{"rendered":"2013 Projects"},"content":{"rendered":"<p><div id=\"attachment_343\" style=\"width: 160px\" class=\"wp-caption aligncenter\"><img loading=\"lazy\" decoding=\"async\" aria-describedby=\"caption-attachment-343\" src=\"http:\/\/bilisimcimartilar.com\/english\/wp-content\/uploads\/IMG_1114-3-150x150.jpg\" alt=\"The Leaders of the Project got their awards \" width=\"150\" height=\"150\" class=\"size-thumbnail wp-image-343\" srcset=\"https:\/\/bilisimcimartilar.com\/english\/wp-content\/uploads\/IMG_1114-3-150x150.jpg 150w, https:\/\/bilisimcimartilar.com\/english\/wp-content\/uploads\/IMG_1114-3-130x130.jpg 130w, https:\/\/bilisimcimartilar.com\/english\/wp-content\/uploads\/IMG_1114-3-70x70.jpg 70w, https:\/\/bilisimcimartilar.com\/english\/wp-content\/uploads\/IMG_1114-3-45x45.jpg 45w\" sizes=\"auto, (max-width: 150px) 100vw, 150px\" \/><p id=\"caption-attachment-343\" class=\"wp-caption-text\">The Leaders of the Project got their awards<\/p><\/div><br \/>\nThe year 2013 was the Honorary Year of the ICT Seagulls Projects since it was the 10th year.<br \/>\nOut of 10 registered teams, only 5 could finalize their projects. We congratulate them.<br \/>\nSuccessful schools and their projects are as follows:<br \/>\nBurdur Bah\u00e7elievler Primary School, \u201cLittle Leaders SQC\u201d: http:\/\/kucukliderler.blogspot.com<br \/>\nIstanbul Beyo\u011flu Ok\u00e7umusa Middle School, \u201cPet-Lover Hands SQC\u201d: http:\/\/patidostueller.blogspot.com<br \/>\nNev\u015fehir H\u00fcsayin Avni \u0130ncekara Science High School,\u201cSmall Bread pieces SQC\u201d: www.nevsehirdeisraf.com<br \/>\nNepal, Little Angels High School, \u201cSQC Elevate\u201d: http:\/\/sqcelevate.blogspot.com<br \/>\nIstanbul Bo\u011fazi\u00e7i University, \u201cSQC Mindhunters\u201d: www.mindhuntersbogazici.com<br \/>\nWe are congratulating them and wishing good luck for the future life.<\/p>\n","protected":false},"excerpt":{"rendered":"<p>The year 2013 was the Honorary Year of the ICT Seagulls Projects since it was the 10th year. Out of 10 registered teams, only 5 could finalize their projects. We congratulate them. Successful schools and their projects are as follows: Burdur Bah\u00e7elievler Primary School, \u201cLittle Leaders SQC\u201d: http:\/\/kucukliderler.blogspot.com Istanbul Beyo\u011flu Ok\u00e7umusa Middle School, \u201cPet-Lover Hands [&hellip;]<\/p>\n","protected":false},"author":1,"featured_media":0,"parent":16,"menu_order":210,"comment_status":"closed","ping_status":"closed","template":"","meta":{"footnotes":""},"class_list":["post-57","page","type-page","status-publish","hentry"],"_links":{"self":[{"href":"https:\/\/bilisimcimartilar.com\/english\/wp-json\/wp\/v2\/pages\/57","targetHints":{"allow":["GET"]}}],"collection":[{"href":"https:\/\/bilisimcimartilar.com\/english\/wp-json\/wp\/v2\/pages"}],"about":[{"href":"https:\/\/bilisimcimartilar.com\/english\/wp-json\/wp\/v2\/types\/page"}],"author":[{"embeddable":true,"href":"https:\/\/bilisimcimartilar.com\/english\/wp-json\/wp\/v2\/users\/1"}],"replies":[{"embeddable":true,"href":"https:\/\/bilisimcimartilar.com\/english\/wp-json\/wp\/v2\/comments?post=57"}],"version-history":[{"count":2,"href":"https:\/\/bilisimcimartilar.com\/english\/wp-json\/wp\/v2\/pages\/57\/revisions"}],"predecessor-version":[{"id":407,"href":"https:\/\/bilisimcimartilar.com\/english\/wp-json\/wp\/v2\/pages\/57\/revisions\/407"}],"up":[{"embeddable":true,"href":"https:\/\/bilisimcimartilar.com\/english\/wp-json\/wp\/v2\/pages\/16"}],"wp:attachment":[{"href":"https:\/\/bilisimcimartilar.com\/english\/wp-json\/wp\/v2\/media?parent=57"}],"curies":[{"name":"wp","href":"https:\/\/api.w.org\/{rel}","templated":true}]}}