{"id":613,"date":"2021-05-11T19:53:01","date_gmt":"2021-05-11T16:53:01","guid":{"rendered":"https:\/\/bilisimcimartilar.com\/english\/?page_id=613"},"modified":"2023-08-17T16:49:23","modified_gmt":"2023-08-17T13:49:23","slug":"2019-projects","status":"publish","type":"page","link":"https:\/\/bilisimcimartilar.com\/english\/projects\/2019-projects\/","title":{"rendered":"2019 PROJECTS"},"content":{"rendered":"<p><strong>In 2019, <\/strong>5 teams from Bah\u00e7e\u015fehir University, Istanbul High School for Boys, City Montessori School from India, and Sri Lanka registered for the project. However, 3 of the 5 projects were completed and won the Awards set out below. One of the first in 16 years was the involvement of a team of graduate students in the project. Three educator friends from BAU-midwife Educational Administration master\u2019s students took part in this project and carried out a successful study. We congratulate them and wish them continued success.<\/p>\n<ol>\n<li>City Montessori School, Kanpur Road, Lucknow, India: &#8220;The Pheonix Ring&#8221;, Civil Society insensitivity and a project to deal with this insensitivity. (High School 11. Class) <strong>(Champion High School Seagulls Award).<\/strong><\/li>\n<li>R\/EMBI\/St. Anthony&#8217;s College, Rakwana, Sri Lanka: &#8220;The Dew Drops Ring&#8221;, a project to investigate why Sri Lankan Secondary School Students are not better at English grammar (Grades 7-9) Classes) <strong>(Champion Middle School Seagulls Award)<\/strong><\/li>\n<li>Bah\u00e7e\u015fehir University, Institute of Educational Sciences: &#8220;ELF Ring&#8221;, The Effect of Total Quality Management Practices on Teachers&#8217; Job Satisfaction Project (Master&#8217;s students Elif Yugen, Mehmet Bing\u00f6l, Ebru Kara) (<strong>Champion Master&#8217;s Seagulls Award <\/strong>and Team Leader<strong> Elif Y\u00fcgen to Prof.Dr. \u00dcmit Serdaro\u011flu Special Award<\/strong>).<\/li>\n<\/ol>\n","protected":false},"excerpt":{"rendered":"<p>In 2019, 5 teams from Bah\u00e7e\u015fehir University, Istanbul High School for Boys, City Montessori School from India, and Sri Lanka registered for the project. However, 3 of the 5 projects were completed and won the Awards set out below. One of the first in 16 years was the involvement of a team of graduate students [&hellip;]<\/p>\n","protected":false},"author":1,"featured_media":0,"parent":16,"menu_order":0,"comment_status":"closed","ping_status":"closed","template":"","meta":{"footnotes":""},"class_list":["post-613","page","type-page","status-publish","hentry"],"_links":{"self":[{"href":"https:\/\/bilisimcimartilar.com\/english\/wp-json\/wp\/v2\/pages\/613","targetHints":{"allow":["GET"]}}],"collection":[{"href":"https:\/\/bilisimcimartilar.com\/english\/wp-json\/wp\/v2\/pages"}],"about":[{"href":"https:\/\/bilisimcimartilar.com\/english\/wp-json\/wp\/v2\/types\/page"}],"author":[{"embeddable":true,"href":"https:\/\/bilisimcimartilar.com\/english\/wp-json\/wp\/v2\/users\/1"}],"replies":[{"embeddable":true,"href":"https:\/\/bilisimcimartilar.com\/english\/wp-json\/wp\/v2\/comments?post=613"}],"version-history":[{"count":3,"href":"https:\/\/bilisimcimartilar.com\/english\/wp-json\/wp\/v2\/pages\/613\/revisions"}],"predecessor-version":[{"id":669,"href":"https:\/\/bilisimcimartilar.com\/english\/wp-json\/wp\/v2\/pages\/613\/revisions\/669"}],"up":[{"embeddable":true,"href":"https:\/\/bilisimcimartilar.com\/english\/wp-json\/wp\/v2\/pages\/16"}],"wp:attachment":[{"href":"https:\/\/bilisimcimartilar.com\/english\/wp-json\/wp\/v2\/media?parent=613"}],"curies":[{"name":"wp","href":"https:\/\/api.w.org\/{rel}","templated":true}]}}