{"id":655,"date":"2023-06-18T20:31:58","date_gmt":"2023-06-18T17:31:58","guid":{"rendered":"https:\/\/bilisimcimartilar.com\/english\/?page_id=655"},"modified":"2023-08-17T16:25:47","modified_gmt":"2023-08-17T13:25:47","slug":"2022-projects","status":"publish","type":"page","link":"https:\/\/bilisimcimartilar.com\/english\/projects\/2022-projects\/","title":{"rendered":"2022 Projects"},"content":{"rendered":"<p>The 19th year of the \u201cInternational ICT Seagulls Projects\u201d was launched at a time when Covid-19 variants were active. However, it was completed due to the commitment of the teams, our virtual consultancy, and the practicality of the \u201c\u0130mece Circles (SQC)\u201d methodology, which proved its success as an important method of distance education.<\/p>\n<p>Our K-12 category project started with three projects from India. Unfortunately, with the unexpected and early loss of dearest SUMITA BHADORIA from CMS School, only two teams could finalize their projects. We have been so sad about the significant loss of CMS. She was a great leader and a wonderful personality with an ever-smiling face and she was always in our project since 2006. We send our condolences to his family and her beloved ones. May her soul rest in peace!<\/p>\n<p><strong>Two high school projects<\/strong> from the Gurugram region were prepared by teams of two different types of high schools under the same Educational Institution name:\u00a0<strong>Blue Bells Model School<\/strong>\u00a0and\u00a0<strong>Blue Bells Public School<\/strong>. Both teams focused on environment-oriented projects, and they studied the problems of \u201cclimate change\u201d and \u201cwater problem\u201d. Both schools got good results in their respective categories.<\/p>\n<p>I would like to share with you the project titles and the names of the teams that received awards in this year\u2019s K-12 age category. I will also share the project links for your access.<\/p>\n<ol>\n<li>The\u00a0<strong>\u201c<u>Aqua Strategists<\/u><\/strong>\u201d\u00a0<u>team\/circle<\/u>\u00a0of\u00a0<strong>Blue Bells Model School<\/strong> (BBMS) established in Gurugram, India, consisting of 10 students, 2 community leaders, and 2 parents from the 16-17 age group, focused on the \u201cLack of Water \u201d problem and worked to raise awareness\u00a0within the community.<\/li>\n<\/ol>\n<p><a href=\"https:\/\/bilisimcimartilar.com\/english\/wp-content\/uploads\/BBMS-22.jpeg\"><img loading=\"lazy\" decoding=\"async\" class=\"size-thumbnail wp-image-649 alignleft\" src=\"https:\/\/bilisimcimartilar.com\/english\/wp-content\/uploads\/BBMS-22-150x150.jpeg\" sizes=\"auto, (max-width: 150px) 100vw, 150px\" srcset=\"https:\/\/bilisimcimartilar.com\/english\/wp-content\/uploads\/BBMS-22-150x150.jpeg 150w, https:\/\/bilisimcimartilar.com\/english\/wp-content\/uploads\/BBMS-22-130x130.jpeg 130w, https:\/\/bilisimcimartilar.com\/english\/wp-content\/uploads\/BBMS-22-70x70.jpeg 70w, https:\/\/bilisimcimartilar.com\/english\/wp-content\/uploads\/BBMS-22-45x45.jpeg 45w\" alt=\"\" width=\"150\" height=\"150\" \/><\/a>The team members were guided by Project leaders Dr. Madhu Gupta, Sanjana Sanjay Hasin, and Yogesh Sharma, with the support of the school principal, Mr. Alka Singh. For the \u201cHigh school age group\u201d, they got; the\u00a0<strong>\u201c2022 HIGH COMMENDATION AWARD\u201d,<\/strong>\u00a0\u201c<strong>THE\u00a0<\/strong><strong>BEST ENVIRONMENT PROJECT AWARD ON WATER PROBLEM<\/strong>\u201c, &amp;\u00a0<strong>\u201cPROF.DR. \u00dcM\u0130T SERDARO\u011eLU JURY SPECIAL AWARD\u201d<\/strong>.<\/p>\n<p>Please visit:\u00a0<a href=\"https:\/\/aquastrategists.netlify.app\/\">https:\/\/aquastrategists.netlify.app\/<\/a><\/p>\n<ol start=\"2\">\n<li>The \u201c<strong>Climate Action Rangers <\/strong>\u201c<u>\u00a0team\/circle<\/u>\u00a0of\u00a0<strong>Blue Bells Public School (BBPS)<\/strong>\u00a0founded in Gurugram, India, consists of 10<a href=\"https:\/\/bilisimcimartilar.com\/english\/wp-content\/uploads\/BBPS-22.png\"><img loading=\"lazy\" decoding=\"async\" class=\"size-thumbnail wp-image-650 alignright\" src=\"https:\/\/bilisimcimartilar.com\/english\/wp-content\/uploads\/BBPS-22-150x150.png\" sizes=\"auto, (max-width: 150px) 100vw, 150px\" srcset=\"https:\/\/bilisimcimartilar.com\/english\/wp-content\/uploads\/BBPS-22-150x150.png 150w, https:\/\/bilisimcimartilar.com\/english\/wp-content\/uploads\/BBPS-22-130x130.png 130w, https:\/\/bilisimcimartilar.com\/english\/wp-content\/uploads\/BBPS-22-70x70.png 70w, https:\/\/bilisimcimartilar.com\/english\/wp-content\/uploads\/BBPS-22-45x45.png 45w\" alt=\"\" width=\"150\" height=\"150\" \/><\/a>\u00a0students aged 16-17, 3 community leaders, and 2 parents, working on the causes and solutions of the climate change problem of the world.<\/li>\n<\/ol>\n<p>With the support of the school principal Dr. Saroj SUMAN GULATI, the team members worked under the great leadership of Ms. Anshuka ANEJA, Ms. Arpita ACHARYA, Ms. Meenakshi MALHOTRA, Ms. Shivali JOSH\u0130, Ms. Shikha TANEJA, and Ms. Rachna SHARMA. The jury members determined them as follows:<\/p>\n<p>\u201c<strong>THE CHAMPION SQC\u201922 AWARD\u201d,<\/strong>\u00a0\u201c<strong>THE BEST\u00a0<\/strong><strong>ENVIRONMENT PROJECT AWARD ON CLIMATE CHANGE PROBLEM\u201d<\/strong>\u00a0&amp;\u00a0<strong>\u201cASSOC.PROF.DR. EROL \u0130NELMEN JURY SPECIAL AWARD\u201d<\/strong>.<\/p>\n<p>Please visit:\u00a0<a href=\"https:\/\/bbpublic10.wixsite.com\/bbpublic\">\u00a0https:\/\/bbpublic10.wixsite.com\/bbpublic<\/a><\/p>\n<p>We wholeheartedly congratulate all the teams and express our thanks to their supporters and their families. We wish them good luck with their future successful work. We are also thankful to our international jury members for their hard work and commitment.<\/p>\n<p>The Turkish Republic was founded in 1923. So, the 100<sup>th<\/sup> anniversary of it will mark the 20th anniversary of our project. This has a very special meaning for us and our country. Please follow us for the main themes of our 2023 project. Registration will start on October 15, 2022.\u00a0\u00a0 With peace and love\u2026<\/p>\n<p><strong>Assoc.Prof.Dr. Hayal K\u00d6KSAL<\/strong><\/p>\n<p>Project Designer and Coordinator<\/p>\n<p>0 532 373 84 87<\/p>\n<p><a href=\"mailto:hayal@yimeder.org.tr\">hayal@yimeder.org.tr<\/a><\/p>\n<p>&nbsp;<\/p>\n","protected":false},"excerpt":{"rendered":"<p>The 19th year of the \u201cInternational ICT Seagulls Projects\u201d was launched at a time when Covid-19 variants were active. However, it was completed due to the commitment of the teams, our virtual consultancy, and the practicality of the \u201c\u0130mece Circles (SQC)\u201d methodology, which proved its success as an important method of distance education. Our K-12 [&hellip;]<\/p>\n","protected":false},"author":1,"featured_media":0,"parent":16,"menu_order":0,"comment_status":"closed","ping_status":"closed","template":"","meta":{"footnotes":""},"class_list":["post-655","page","type-page","status-publish","hentry"],"_links":{"self":[{"href":"https:\/\/bilisimcimartilar.com\/english\/wp-json\/wp\/v2\/pages\/655","targetHints":{"allow":["GET"]}}],"collection":[{"href":"https:\/\/bilisimcimartilar.com\/english\/wp-json\/wp\/v2\/pages"}],"about":[{"href":"https:\/\/bilisimcimartilar.com\/english\/wp-json\/wp\/v2\/types\/page"}],"author":[{"embeddable":true,"href":"https:\/\/bilisimcimartilar.com\/english\/wp-json\/wp\/v2\/users\/1"}],"replies":[{"embeddable":true,"href":"https:\/\/bilisimcimartilar.com\/english\/wp-json\/wp\/v2\/comments?post=655"}],"version-history":[{"count":3,"href":"https:\/\/bilisimcimartilar.com\/english\/wp-json\/wp\/v2\/pages\/655\/revisions"}],"predecessor-version":[{"id":660,"href":"https:\/\/bilisimcimartilar.com\/english\/wp-json\/wp\/v2\/pages\/655\/revisions\/660"}],"up":[{"embeddable":true,"href":"https:\/\/bilisimcimartilar.com\/english\/wp-json\/wp\/v2\/pages\/16"}],"wp:attachment":[{"href":"https:\/\/bilisimcimartilar.com\/english\/wp-json\/wp\/v2\/media?parent=655"}],"curies":[{"name":"wp","href":"https:\/\/api.w.org\/{rel}","templated":true}]}}